{"id":1433,"date":"2022-11-09T10:14:13","date_gmt":"2022-11-09T09:14:13","guid":{"rendered":"https:\/\/hcandersen.de\/ueber-die-schule\/"},"modified":"2023-08-18T14:43:24","modified_gmt":"2023-08-18T12:43:24","slug":"ueber-die-schule","status":"publish","type":"page","link":"https:\/\/hcandersen.de\/ls\/ueber-die-schule\/","title":{"rendered":"\u00dcber die Schule"},"content":{"rendered":"\n<p>Wir sind die Hans-Christian-Andersen Schule. 295 Kinder lernen hier mit Lehrern und Lehrerinnen. Die Kinder kommen aus verschiedenen L\u00e4ndern. In den Vorbereitungs-Klassen lernen die Kinder Deutsch als Zweitsprache. Wir machen Sprach-Sensiblen Unterricht. Das hei\u00dft: Alle Kinder sollen den Unterricht gut verstehen. Die Kinder sollen mitmachen und mitsprechen k\u00f6nnen. Die Lehrer und Lehrerinnen helfen dabei. <\/p>\n\n\n\n<p>Die Schule hat 16 Klassenzimmer. Es gibt eigene R\u00e4ume f\u00fcr Musik, Kunst und Werken. In 6 Klassenzimmer gibt es digitale Tafeln. Es gibt auch einen Computer-Raum. Die Kinder k\u00f6nnen mit Laptops und i-Pads lernen. <\/p>\n\n\n\n<p>Wir haben einen Lese-Club. Den Lese-Club gibt es seit November 2020. Er ist in der zweiten Etage. <\/p>\n\n\n\n<div class=\"wp-block-buttons is-layout-flex wp-block-buttons-is-layout-flex\">\n<div class=\"wp-block-button is-style-fill\"><a class=\"wp-block-button__link wp-element-button\" href=\"https:\/\/hcandersen.de\/2020\/11\/eroeffnung-des-leseclubs\/\">Bilder und Infos zum Leseclub<\/a><\/div>\n<\/div>\n\n\n\n<figure class=\"wp-block-gallery has-nested-images columns-default is-cropped wp-block-gallery-1 is-layout-flex wp-block-gallery-is-layout-flex\">\n<figure class=\"wp-block-image size-large\"><a href=\"https:\/\/hcandersen.de\/wp-content\/uploads\/2022\/12\/PXL_20210902_114707902.MP_-scaled.jpg\"><img loading=\"lazy\" decoding=\"async\" width=\"1024\" height=\"768\" data-id=\"564\" src=\"https:\/\/hcandersen.de\/wp-content\/uploads\/2022\/12\/PXL_20210902_114707902.MP_-1024x768.jpg\" alt=\"\" class=\"wp-image-564\" srcset=\"https:\/\/hcandersen.de\/wp-content\/uploads\/2022\/12\/PXL_20210902_114707902.MP_-1024x768.jpg 1024w, https:\/\/hcandersen.de\/wp-content\/uploads\/2022\/12\/PXL_20210902_114707902.MP_-300x225.jpg 300w, https:\/\/hcandersen.de\/wp-content\/uploads\/2022\/12\/PXL_20210902_114707902.MP_-768x576.jpg 768w, https:\/\/hcandersen.de\/wp-content\/uploads\/2022\/12\/PXL_20210902_114707902.MP_-1536x1152.jpg 1536w, https:\/\/hcandersen.de\/wp-content\/uploads\/2022\/12\/PXL_20210902_114707902.MP_-2048x1536.jpg 2048w\" sizes=\"auto, (max-width: 1024px) 100vw, 1024px\" \/><\/a><\/figure>\n\n\n\n<figure class=\"wp-block-image size-large\"><a href=\"https:\/\/hcandersen.de\/wp-content\/uploads\/2022\/12\/DSC04387-scaled.jpg\"><img loading=\"lazy\" decoding=\"async\" width=\"1024\" height=\"768\" data-id=\"560\" src=\"https:\/\/hcandersen.de\/wp-content\/uploads\/2022\/12\/DSC04387-1024x768.jpg\" alt=\"\" class=\"wp-image-560\" srcset=\"https:\/\/hcandersen.de\/wp-content\/uploads\/2022\/12\/DSC04387-1024x768.jpg 1024w, https:\/\/hcandersen.de\/wp-content\/uploads\/2022\/12\/DSC04387-300x225.jpg 300w, https:\/\/hcandersen.de\/wp-content\/uploads\/2022\/12\/DSC04387-768x576.jpg 768w, https:\/\/hcandersen.de\/wp-content\/uploads\/2022\/12\/DSC04387-1536x1152.jpg 1536w, https:\/\/hcandersen.de\/wp-content\/uploads\/2022\/12\/DSC04387-2048x1536.jpg 2048w\" sizes=\"auto, (max-width: 1024px) 100vw, 1024px\" \/><\/a><\/figure>\n\n\n\n<figure class=\"wp-block-image size-large\"><a href=\"https:\/\/hcandersen.de\/wp-content\/uploads\/2022\/12\/DSC04384-scaled.jpg\"><img loading=\"lazy\" decoding=\"async\" width=\"1024\" height=\"768\" data-id=\"576\" src=\"https:\/\/hcandersen.de\/wp-content\/uploads\/2022\/12\/DSC04384-1024x768.jpg\" alt=\"\" class=\"wp-image-576\" srcset=\"https:\/\/hcandersen.de\/wp-content\/uploads\/2022\/12\/DSC04384-1024x768.jpg 1024w, https:\/\/hcandersen.de\/wp-content\/uploads\/2022\/12\/DSC04384-300x225.jpg 300w, https:\/\/hcandersen.de\/wp-content\/uploads\/2022\/12\/DSC04384-768x576.jpg 768w, https:\/\/hcandersen.de\/wp-content\/uploads\/2022\/12\/DSC04384-1536x1152.jpg 1536w, https:\/\/hcandersen.de\/wp-content\/uploads\/2022\/12\/DSC04384-2048x1536.jpg 2048w\" sizes=\"auto, (max-width: 1024px) 100vw, 1024px\" \/><\/a><\/figure>\n\n\n\n<figure class=\"wp-block-image size-large\"><a href=\"https:\/\/hcandersen.de\/wp-content\/uploads\/2022\/12\/PXL_20221026_093347546.MP_-scaled.jpg\"><img loading=\"lazy\" decoding=\"async\" width=\"1024\" height=\"768\" data-id=\"570\" src=\"https:\/\/hcandersen.de\/wp-content\/uploads\/2022\/12\/PXL_20221026_093347546.MP_-1024x768.jpg\" alt=\"\" class=\"wp-image-570\" srcset=\"https:\/\/hcandersen.de\/wp-content\/uploads\/2022\/12\/PXL_20221026_093347546.MP_-1024x768.jpg 1024w, https:\/\/hcandersen.de\/wp-content\/uploads\/2022\/12\/PXL_20221026_093347546.MP_-300x225.jpg 300w, https:\/\/hcandersen.de\/wp-content\/uploads\/2022\/12\/PXL_20221026_093347546.MP_-768x576.jpg 768w, https:\/\/hcandersen.de\/wp-content\/uploads\/2022\/12\/PXL_20221026_093347546.MP_-1536x1152.jpg 1536w, https:\/\/hcandersen.de\/wp-content\/uploads\/2022\/12\/PXL_20221026_093347546.MP_-2048x1536.jpg 2048w\" sizes=\"auto, (max-width: 1024px) 100vw, 1024px\" \/><\/a><\/figure>\n\n\n\n<figure class=\"wp-block-image size-large\"><a href=\"https:\/\/hcandersen.de\/wp-content\/uploads\/2022\/12\/DSC04331-scaled.jpg\"><img loading=\"lazy\" decoding=\"async\" width=\"1024\" height=\"768\" data-id=\"558\" src=\"https:\/\/hcandersen.de\/wp-content\/uploads\/2022\/12\/DSC04331-1024x768.jpg\" alt=\"\" class=\"wp-image-558\" srcset=\"https:\/\/hcandersen.de\/wp-content\/uploads\/2022\/12\/DSC04331-1024x768.jpg 1024w, https:\/\/hcandersen.de\/wp-content\/uploads\/2022\/12\/DSC04331-300x225.jpg 300w, https:\/\/hcandersen.de\/wp-content\/uploads\/2022\/12\/DSC04331-768x576.jpg 768w, https:\/\/hcandersen.de\/wp-content\/uploads\/2022\/12\/DSC04331-1536x1152.jpg 1536w, https:\/\/hcandersen.de\/wp-content\/uploads\/2022\/12\/DSC04331-2048x1536.jpg 2048w\" sizes=\"auto, (max-width: 1024px) 100vw, 1024px\" \/><\/a><\/figure>\n<\/figure>\n\n\n\n<p>Die Schule ist im Stadtteil Sellerhausen-St\u00fcnz. Das ist im Nord-Osten von Leipzig. Die Schule hat einen gro\u00dfen Hof, einen Spielplatz und einen Schul-Garten. <\/p>\n\n\n\n<figure class=\"wp-block-gallery has-nested-images columns-default is-cropped wp-block-gallery-2 is-layout-flex wp-block-gallery-is-layout-flex\">\n<figure class=\"wp-block-image size-large\"><a href=\"https:\/\/hcandersen.de\/wp-content\/uploads\/2022\/12\/20201109_123450-scaled.jpg\"><img loading=\"lazy\" decoding=\"async\" width=\"1024\" height=\"768\" data-id=\"556\" src=\"https:\/\/hcandersen.de\/wp-content\/uploads\/2022\/12\/20201109_123450-1024x768.jpg\" alt=\"\" class=\"wp-image-556\" srcset=\"https:\/\/hcandersen.de\/wp-content\/uploads\/2022\/12\/20201109_123450-1024x768.jpg 1024w, https:\/\/hcandersen.de\/wp-content\/uploads\/2022\/12\/20201109_123450-300x225.jpg 300w, https:\/\/hcandersen.de\/wp-content\/uploads\/2022\/12\/20201109_123450-768x576.jpg 768w, https:\/\/hcandersen.de\/wp-content\/uploads\/2022\/12\/20201109_123450-1536x1152.jpg 1536w, https:\/\/hcandersen.de\/wp-content\/uploads\/2022\/12\/20201109_123450-2048x1536.jpg 2048w\" sizes=\"auto, (max-width: 1024px) 100vw, 1024px\" \/><\/a><\/figure>\n\n\n\n<figure class=\"wp-block-image size-large\"><a href=\"https:\/\/hcandersen.de\/wp-content\/uploads\/2022\/11\/Jul2022_Schulgarten-scaled.jpg\"><img loading=\"lazy\" decoding=\"async\" width=\"1024\" height=\"683\" data-id=\"104\" src=\"https:\/\/hcandersen.de\/wp-content\/uploads\/2022\/11\/Jul2022_Schulgarten-1024x683.jpg\" alt=\"\" class=\"wp-image-104\" srcset=\"https:\/\/hcandersen.de\/wp-content\/uploads\/2022\/11\/Jul2022_Schulgarten-1024x683.jpg 1024w, https:\/\/hcandersen.de\/wp-content\/uploads\/2022\/11\/Jul2022_Schulgarten-300x200.jpg 300w, https:\/\/hcandersen.de\/wp-content\/uploads\/2022\/11\/Jul2022_Schulgarten-768x512.jpg 768w, https:\/\/hcandersen.de\/wp-content\/uploads\/2022\/11\/Jul2022_Schulgarten-1536x1024.jpg 1536w, https:\/\/hcandersen.de\/wp-content\/uploads\/2022\/11\/Jul2022_Schulgarten-2048x1365.jpg 2048w\" sizes=\"auto, (max-width: 1024px) 100vw, 1024px\" \/><\/a><figcaption class=\"wp-element-caption\">Der Schulgarten ist sch\u00f6n<\/figcaption><\/figure>\n\n\n\n<figure class=\"wp-block-image size-large\"><a href=\"https:\/\/hcandersen.de\/wp-content\/uploads\/2022\/12\/DSC04375-scaled.jpg\"><img loading=\"lazy\" decoding=\"async\" width=\"1024\" height=\"768\" data-id=\"573\" src=\"https:\/\/hcandersen.de\/wp-content\/uploads\/2022\/12\/DSC04375-1024x768.jpg\" alt=\"\" class=\"wp-image-573\" srcset=\"https:\/\/hcandersen.de\/wp-content\/uploads\/2022\/12\/DSC04375-1024x768.jpg 1024w, https:\/\/hcandersen.de\/wp-content\/uploads\/2022\/12\/DSC04375-300x225.jpg 300w, https:\/\/hcandersen.de\/wp-content\/uploads\/2022\/12\/DSC04375-768x576.jpg 768w, https:\/\/hcandersen.de\/wp-content\/uploads\/2022\/12\/DSC04375-1536x1152.jpg 1536w, https:\/\/hcandersen.de\/wp-content\/uploads\/2022\/12\/DSC04375-2048x1536.jpg 2048w\" sizes=\"auto, (max-width: 1024px) 100vw, 1024px\" \/><\/a><\/figure>\n<\/figure>\n","protected":false},"excerpt":{"rendered":"<p>Wir sind die Hans-Christian-Andersen Schule. 295 Kinder lernen hier mit Lehrern und Lehrerinnen. Die Kinder kommen aus verschiedenen L\u00e4ndern. In [&hellip;]<\/p>\n","protected":false},"author":1,"featured_media":93,"parent":0,"menu_order":0,"comment_status":"closed","ping_status":"closed","template":"","meta":{"_acf_changed":false,"footnotes":""},"class_list":["post-1433","page","type-page","status-publish","has-post-thumbnail","hentry"],"acf":[],"_links":{"self":[{"href":"https:\/\/hcandersen.de\/ls\/wp-json\/wp\/v2\/pages\/1433","targetHints":{"allow":["GET"]}}],"collection":[{"href":"https:\/\/hcandersen.de\/ls\/wp-json\/wp\/v2\/pages"}],"about":[{"href":"https:\/\/hcandersen.de\/ls\/wp-json\/wp\/v2\/types\/page"}],"author":[{"embeddable":true,"href":"https:\/\/hcandersen.de\/ls\/wp-json\/wp\/v2\/users\/1"}],"replies":[{"embeddable":true,"href":"https:\/\/hcandersen.de\/ls\/wp-json\/wp\/v2\/comments?post=1433"}],"version-history":[{"count":10,"href":"https:\/\/hcandersen.de\/ls\/wp-json\/wp\/v2\/pages\/1433\/revisions"}],"predecessor-version":[{"id":3005,"href":"https:\/\/hcandersen.de\/ls\/wp-json\/wp\/v2\/pages\/1433\/revisions\/3005"}],"wp:featuredmedia":[{"embeddable":true,"href":"https:\/\/hcandersen.de\/ls\/wp-json\/wp\/v2\/media\/93"}],"wp:attachment":[{"href":"https:\/\/hcandersen.de\/ls\/wp-json\/wp\/v2\/media?parent=1433"}],"curies":[{"name":"wp","href":"https:\/\/api.w.org\/{rel}","templated":true}]}}