{"id":1516,"date":"2022-11-25T10:37:27","date_gmt":"2022-11-25T09:37:27","guid":{"rendered":"https:\/\/hcandersen.de\/assistenz\/"},"modified":"2025-09-25T22:35:22","modified_gmt":"2025-09-25T20:35:22","slug":"assistenz","status":"publish","type":"page","link":"https:\/\/hcandersen.de\/ls\/assistenz\/","title":{"rendered":"Assistenz"},"content":{"rendered":"\n<p>An unserer Schule gibt es eine Schul-Assistentin.<\/p>\n\n\n\t<div class=\"personenblock\">\n\t\t<ul class=\"personen\">\n\t\t\t\t\t\t<li class=\"person\">\n\t\t\t\t<div class=\"person-image\">\n\t\t\t\t\t<img loading=\"lazy\" decoding=\"async\" width=\"300\" height=\"218\" src=\"https:\/\/hcandersen.de\/wp-content\/uploads\/2023\/01\/Maria-Geissler-300x218.jpg\" class=\"attachment-medium size-medium\" alt=\"\" srcset=\"https:\/\/hcandersen.de\/wp-content\/uploads\/2023\/01\/Maria-Geissler-300x218.jpg 300w, https:\/\/hcandersen.de\/wp-content\/uploads\/2023\/01\/Maria-Geissler.jpg 581w\" sizes=\"auto, (max-width: 300px) 100vw, 300px\" \/>\t\t\t\t<\/div>\n\t\t\t\t<div class=\"person-text\">\n\t\t\t\t\t<p class=\"person-text-name\">Maria Gei\u00dfler<\/p>\n\t\t\t\t\t<p class=\"person-text-subtitle\">Schulassistentin<\/p>\n\t\t\t\t\t<p class=\"person-text-email\"><a class=\"hca-button\" href=\"mailto:m.geissler@hcags.lernsax.de\">E-Mail<\/a><\/p><p class=\"person-text-phone\">+49 341 23418700<\/p>\t\t\t\t<\/div>\n\t\t\t<\/li>\n\t\t\t\t\t\t<li class=\"person\">\n\t\t\t\t<div class=\"person-image\">\n\t\t\t\t\t<img loading=\"lazy\" decoding=\"async\" width=\"300\" height=\"202\" src=\"https:\/\/hcandersen.de\/wp-content\/uploads\/2023\/01\/001-2-300x202.jpg\" class=\"attachment-medium size-medium\" alt=\"\" srcset=\"https:\/\/hcandersen.de\/wp-content\/uploads\/2023\/01\/001-2-300x202.jpg 300w, https:\/\/hcandersen.de\/wp-content\/uploads\/2023\/01\/001-2-1024x690.jpg 1024w, https:\/\/hcandersen.de\/wp-content\/uploads\/2023\/01\/001-2-768x517.jpg 768w, https:\/\/hcandersen.de\/wp-content\/uploads\/2023\/01\/001-2-1536x1035.jpg 1536w, https:\/\/hcandersen.de\/wp-content\/uploads\/2023\/01\/001-2-2048x1380.jpg 2048w\" sizes=\"auto, (max-width: 300px) 100vw, 300px\" \/>\t\t\t\t<\/div>\n\t\t\t\t<div class=\"person-text\">\n\t\t\t\t\t<p class=\"person-text-name\">Marlene Wiese<\/p>\n\t\t\t\t\t<p class=\"person-text-subtitle\">Unterst\u00fctzung<\/p>\n\t\t\t\t\t\t\t\t\t<\/div>\n\t\t\t<\/li>\n\t\t\t\t\t<\/ul>\n\t<\/div>\n\n\n\n<h2 class=\"wp-block-heading\">Schulassistenz<\/h2>\n\n\n\n<p>Mein Name ist Maria Gei\u00dfler. Ich habe Erziehungs-Wissenschaft und Human-Wissenschaft studiert. Ich arbeite seit August 2020 an der Hans-Christian-Andersen Schule als Schul-Assistentin. <\/p>\n\n\n\n<p>Das <em>Programm<\/em> <em>Schulassistenz<\/em> ist von der s\u00e4chsischen Staats-Regierung. Es verbessert die Schul-Qualit\u00e4t im Freistaat Sachsen.<\/p>\n\n\n\n<p>Ich unterst\u00fctze die Schule, die Kinder und die Eltern. Ich habe viele Aufgaben. Ich helfe im Unterricht. Ich bin bei Gespr\u00e4chen dabei. Ich helfe Kindern und Eltern bei Fragen und Problemen.<\/p>\n\n\n\n<p>Wichtige Aufgaben der Schulassistenz:<\/p>\n\n\n\n<ul class=\"wp-block-list\">\n<li>Sie hilft der Schule ein guter Lern-Ort zu sein<\/li>\n\n\n\n<li>Sie ist die Kontakt-Person f\u00fcr Sch\u00fcler und Sch\u00fclerinnen<\/li>\n\n\n\n<li>Sie nimmt an Beratungen teil. Zusammen mit Lehrern und Lehrerinnen, der Schulleitung, Eltern, Schul-Partnern und wichtigen Hilfe-Netzwerken<\/li>\n\n\n\n<li>Sie unterst\u00fctzt Lehrer und Lehrerinnen bei allen schulischen Aufgaben<\/li>\n\n\n\n<li>Sie macht F\u00f6rder-Angebote. Die Angebote helfen Sch\u00fcler und Sch\u00fclerinnen besser zu Lernen<\/li>\n\n\n\n<li>Sie hilft bei den Hausaufgaben in der Schule<\/li>\n\n\n\n<li>Sie macht Angebote f\u00fcr einzelne Sch\u00fcler und Sch\u00fclerinnen und Gruppen. Zum Beispiel: F\u00f6rderb\u00e4nder, Ganz-Tags-Angebote (GTAs) und Einzel-F\u00f6rderungen<\/li>\n\n\n\n<li>Sie betreut Klassen bei Ausfl\u00fcgen und in der Pause<\/li>\n\n\n\n<li>Sie hilft bei Schul-Projekten bei der Planung und bei der Dokumentation<\/li>\n<\/ul>\n\n\n\n<p>Sie haben ein Problem oder eine Frage? Sie k\u00f6nnen gerne einen Termin machen.<\/p>\n\n\n\n<p>Ich freue mich auf eine gute Zusammenarbeit.<\/p>\n","protected":false},"excerpt":{"rendered":"<p>An unserer Schule gibt es eine Schul-Assistentin. Schulassistenz Mein Name ist Maria Gei\u00dfler. Ich habe Erziehungs-Wissenschaft und Human-Wissenschaft studiert. Ich [&hellip;]<\/p>\n","protected":false},"author":1,"featured_media":0,"parent":0,"menu_order":0,"comment_status":"closed","ping_status":"closed","template":"","meta":{"_acf_changed":false,"footnotes":""},"class_list":["post-1516","page","type-page","status-publish","hentry"],"acf":[],"_links":{"self":[{"href":"https:\/\/hcandersen.de\/ls\/wp-json\/wp\/v2\/pages\/1516","targetHints":{"allow":["GET"]}}],"collection":[{"href":"https:\/\/hcandersen.de\/ls\/wp-json\/wp\/v2\/pages"}],"about":[{"href":"https:\/\/hcandersen.de\/ls\/wp-json\/wp\/v2\/types\/page"}],"author":[{"embeddable":true,"href":"https:\/\/hcandersen.de\/ls\/wp-json\/wp\/v2\/users\/1"}],"replies":[{"embeddable":true,"href":"https:\/\/hcandersen.de\/ls\/wp-json\/wp\/v2\/comments?post=1516"}],"version-history":[{"count":10,"href":"https:\/\/hcandersen.de\/ls\/wp-json\/wp\/v2\/pages\/1516\/revisions"}],"predecessor-version":[{"id":5874,"href":"https:\/\/hcandersen.de\/ls\/wp-json\/wp\/v2\/pages\/1516\/revisions\/5874"}],"wp:attachment":[{"href":"https:\/\/hcandersen.de\/ls\/wp-json\/wp\/v2\/media?parent=1516"}],"curies":[{"name":"wp","href":"https:\/\/api.w.org\/{rel}","templated":true}]}}