{"id":1594,"date":"2026-02-02T14:16:47","date_gmt":"2026-02-02T13:16:47","guid":{"rendered":"https:\/\/hcandersen.de\/der-hort\/"},"modified":"2023-01-13T09:42:08","modified_gmt":"2023-01-13T08:42:08","slug":"der-hort","status":"publish","type":"page","link":"https:\/\/hcandersen.de\/ls\/der-hort\/","title":{"rendered":"Der Hort"},"content":{"rendered":"\n<blockquote class=\"wp-block-quote is-layout-flow wp-block-quote-is-layout-flow\">\n<p>\u201eGib jedem Tag die Chance, der Sch\u00f6nste deines Lebens zu werden.\u201c<\/p>\n<cite>Mark Twain<\/cite><\/blockquote>\n\n<div class=\"wp-block-media-text alignwide is-stacked-on-mobile\"><figure class=\"wp-block-media-text__media\"><img loading=\"lazy\" decoding=\"async\" width=\"1024\" height=\"768\" src=\"https:\/\/hcandersen.de\/wp-content\/uploads\/2023\/01\/hort-gruppenbild.jpg\" alt=\"\" class=\"wp-image-1428 size-full\" srcset=\"https:\/\/hcandersen.de\/wp-content\/uploads\/2023\/01\/hort-gruppenbild.jpg 1024w, https:\/\/hcandersen.de\/wp-content\/uploads\/2023\/01\/hort-gruppenbild-300x225.jpg 300w, https:\/\/hcandersen.de\/wp-content\/uploads\/2023\/01\/hort-gruppenbild-768x576.jpg 768w\" sizes=\"auto, (max-width: 1024px) 100vw, 1024px\" \/><\/figure><div class=\"wp-block-media-text__content\">\n<p>Der Hort ist eine Kinder-Betreuung. Die Kinder k\u00f6nnen am Nachmittag in den Hort. Der Hort hat ein <strong>&#8220;Offenes Konzept<\/strong>&#8221; Das hei\u00dft: Die Kinder k\u00f6nnen entscheiden, was sie machen wollen. Zum Beispiel: Spielen, lesen oder in der Gruppe mitmachen. Was uns wichtig ist: Ein gutes Miteinander. Die Kinder lernen auch Soziale Strategien. Zum Beispiel: Wie l\u00f6st man einen Streit?<\/p>\n\n\n\n<p>Der Hort geh\u00f6rt zur Stadt Leipzig.<\/p>\n<\/div><\/div>\n\n<p>Der Hort arbeitet nach Gesetzes-Grundlagen. Das hei\u00dft: Er folgt den Gesetzen vom Staat Sachsen. Es gibt verschiedene Gesetze, die f\u00fcr den Hort gelten. Zum Beispiel: das S\u00e4chsische Gesetz zur F\u00f6rderung von Kindern in Tages-Einrichtungen, der S\u00e4chsische Bildungs-Plan und das SGB VIII (Schutz-Auftrag bei Kindeswohl-Gef\u00e4hrdung).<\/p>\n\n<div class=\"wp-block-buttons is-layout-flex wp-block-buttons-is-layout-flex\">\n<div class=\"wp-block-button\"><a class=\"wp-block-button__link wp-element-button\">Lesen Sie unser Konzept<\/a><\/div>\n<\/div>\n\n<figure class=\"wp-block-gallery has-nested-images columns-2 is-cropped wp-block-gallery-1 is-layout-flex wp-block-gallery-is-layout-flex\">\n<figure class=\"wp-block-image size-large\"><a href=\"https:\/\/hcandersen.de\/wp-content\/uploads\/2023\/01\/IMG_1864.jpg\"><img loading=\"lazy\" decoding=\"async\" width=\"1024\" height=\"573\" data-id=\"1249\" src=\"https:\/\/hcandersen.de\/wp-content\/uploads\/2023\/01\/IMG_1864-1024x573.jpg\" alt=\"\" class=\"wp-image-1249\" srcset=\"https:\/\/hcandersen.de\/wp-content\/uploads\/2023\/01\/IMG_1864-1024x573.jpg 1024w, https:\/\/hcandersen.de\/wp-content\/uploads\/2023\/01\/IMG_1864-300x168.jpg 300w, https:\/\/hcandersen.de\/wp-content\/uploads\/2023\/01\/IMG_1864-768x430.jpg 768w, https:\/\/hcandersen.de\/wp-content\/uploads\/2023\/01\/IMG_1864-1536x860.jpg 1536w, https:\/\/hcandersen.de\/wp-content\/uploads\/2023\/01\/IMG_1864-2048x1147.jpg 2048w\" sizes=\"auto, (max-width: 1024px) 100vw, 1024px\" \/><\/a><\/figure>\n\n\n\n<figure class=\"wp-block-image size-large\"><a href=\"https:\/\/hcandersen.de\/wp-content\/uploads\/2023\/01\/IMG_1867.jpg\"><img loading=\"lazy\" decoding=\"async\" width=\"1024\" height=\"573\" data-id=\"1252\" src=\"https:\/\/hcandersen.de\/wp-content\/uploads\/2023\/01\/IMG_1867-1024x573.jpg\" alt=\"\" class=\"wp-image-1252\" srcset=\"https:\/\/hcandersen.de\/wp-content\/uploads\/2023\/01\/IMG_1867-1024x573.jpg 1024w, https:\/\/hcandersen.de\/wp-content\/uploads\/2023\/01\/IMG_1867-300x168.jpg 300w, https:\/\/hcandersen.de\/wp-content\/uploads\/2023\/01\/IMG_1867-768x430.jpg 768w, https:\/\/hcandersen.de\/wp-content\/uploads\/2023\/01\/IMG_1867-1536x860.jpg 1536w, https:\/\/hcandersen.de\/wp-content\/uploads\/2023\/01\/IMG_1867-2048x1147.jpg 2048w\" sizes=\"auto, (max-width: 1024px) 100vw, 1024px\" \/><\/a><\/figure>\n\n\n\n<figure class=\"wp-block-image size-large\"><a href=\"https:\/\/hcandersen.de\/wp-content\/uploads\/2023\/01\/IMG_1869.jpg\"><img decoding=\"async\" data-id=\"1260\" src=\"https:\/\/hcandersen.de\/wp-content\/uploads\/2023\/01\/IMG_1869-1024x573.jpg\" alt=\"\" class=\"wp-image-1260\" \/><\/a><\/figure>\n\n\n\n<figure class=\"wp-block-image size-large\"><img loading=\"lazy\" decoding=\"async\" width=\"1024\" height=\"573\" data-id=\"1306\" src=\"https:\/\/hcandersen.de\/wp-content\/uploads\/2023\/01\/IMG_1870-1024x573.jpg\" alt=\"\" class=\"wp-image-1306\" srcset=\"https:\/\/hcandersen.de\/wp-content\/uploads\/2023\/01\/IMG_1870-1024x573.jpg 1024w, https:\/\/hcandersen.de\/wp-content\/uploads\/2023\/01\/IMG_1870-300x168.jpg 300w, https:\/\/hcandersen.de\/wp-content\/uploads\/2023\/01\/IMG_1870-768x430.jpg 768w, https:\/\/hcandersen.de\/wp-content\/uploads\/2023\/01\/IMG_1870-1536x860.jpg 1536w, https:\/\/hcandersen.de\/wp-content\/uploads\/2023\/01\/IMG_1870-2048x1147.jpg 2048w\" sizes=\"auto, (max-width: 1024px) 100vw, 1024px\" \/><\/figure>\n\n\n\n<figure class=\"wp-block-image size-large\"><img loading=\"lazy\" decoding=\"async\" width=\"1024\" height=\"768\" data-id=\"1485\" src=\"https:\/\/hcandersen.de\/wp-content\/uploads\/2023\/01\/P1010497-1024x768.jpg\" alt=\"\" class=\"wp-image-1485\" srcset=\"https:\/\/hcandersen.de\/wp-content\/uploads\/2023\/01\/P1010497-1024x768.jpg 1024w, https:\/\/hcandersen.de\/wp-content\/uploads\/2023\/01\/P1010497-300x225.jpg 300w, https:\/\/hcandersen.de\/wp-content\/uploads\/2023\/01\/P1010497-768x576.jpg 768w, https:\/\/hcandersen.de\/wp-content\/uploads\/2023\/01\/P1010497-1536x1152.jpg 1536w, https:\/\/hcandersen.de\/wp-content\/uploads\/2023\/01\/P1010497-2048x1536.jpg 2048w\" sizes=\"auto, (max-width: 1024px) 100vw, 1024px\" \/><\/figure>\n\n\n\n<figure class=\"wp-block-image size-large\"><img loading=\"lazy\" decoding=\"async\" width=\"1024\" height=\"768\" data-id=\"1393\" src=\"https:\/\/hcandersen.de\/wp-content\/uploads\/2023\/01\/P1010493-1024x768.jpg\" alt=\"\" class=\"wp-image-1393\" srcset=\"https:\/\/hcandersen.de\/wp-content\/uploads\/2023\/01\/P1010493-1024x768.jpg 1024w, https:\/\/hcandersen.de\/wp-content\/uploads\/2023\/01\/P1010493-300x225.jpg 300w, https:\/\/hcandersen.de\/wp-content\/uploads\/2023\/01\/P1010493-768x576.jpg 768w, https:\/\/hcandersen.de\/wp-content\/uploads\/2023\/01\/P1010493-1536x1152.jpg 1536w, https:\/\/hcandersen.de\/wp-content\/uploads\/2023\/01\/P1010493-2048x1536.jpg 2048w\" sizes=\"auto, (max-width: 1024px) 100vw, 1024px\" \/><\/figure>\n\n\n\n<figure class=\"wp-block-image size-large\"><img loading=\"lazy\" decoding=\"async\" width=\"1024\" height=\"573\" data-id=\"1343\" src=\"https:\/\/hcandersen.de\/wp-content\/uploads\/2023\/01\/IMG_1872-1-1024x573.jpg\" alt=\"\" class=\"wp-image-1343\" srcset=\"https:\/\/hcandersen.de\/wp-content\/uploads\/2023\/01\/IMG_1872-1-1024x573.jpg 1024w, https:\/\/hcandersen.de\/wp-content\/uploads\/2023\/01\/IMG_1872-1-300x168.jpg 300w, https:\/\/hcandersen.de\/wp-content\/uploads\/2023\/01\/IMG_1872-1-768x430.jpg 768w, https:\/\/hcandersen.de\/wp-content\/uploads\/2023\/01\/IMG_1872-1-1536x860.jpg 1536w, https:\/\/hcandersen.de\/wp-content\/uploads\/2023\/01\/IMG_1872-1-2048x1147.jpg 2048w\" sizes=\"auto, (max-width: 1024px) 100vw, 1024px\" \/><\/figure>\n<\/figure>\n\n<h2 class=\"wp-block-heading\">Betreuungszeiten<\/h2>\n\n<p>Die Kinder k\u00f6nnen vor und nach der Schule in den Hort kommen. Der Hort ist f\u00fcr schul-pflichtige Kinder von der 1. Klasse bis zum Ende der 4. Klasse. Aktuell sind 205 Kinder im Hort. <\/p>\n\n<figure class=\"wp-block-table\"><table><thead><tr><th class=\"has-text-align-left\" data-align=\"left\"><strong>Hort<\/strong><\/th><th class=\"has-text-align-left\" data-align=\"left\"><strong>Beginn<\/strong><\/th><th class=\"has-text-align-left\" data-align=\"left\"><strong>Ende<\/strong><\/th><\/tr><\/thead><tbody><tr><td class=\"has-text-align-left\" data-align=\"left\"><strong>Fr\u00fchhort<\/strong><\/td><td class=\"has-text-align-left\" data-align=\"left\">06:00 Uhr<\/td><td class=\"has-text-align-left\" data-align=\"left\">07:45 Uhr<\/td><\/tr><tr><td class=\"has-text-align-left\" data-align=\"left\"><strong>Hort<\/strong><\/td><td class=\"has-text-align-left\" data-align=\"left\">nach Unterrichtsende<\/td><td class=\"has-text-align-left\" data-align=\"left\">16:00 Uhr<\/td><\/tr><tr><td class=\"has-text-align-left\" data-align=\"left\"><strong>Sp\u00e4thort<\/strong><\/td><td class=\"has-text-align-left\" data-align=\"left\">16:00 Uhr<\/td><td class=\"has-text-align-left\" data-align=\"left\">17:00 Uhr<\/td><\/tr><\/tbody><\/table><\/figure>\n\n<p><strong>Schlie\u00dfzeiten des Hortes<\/strong><\/p>\n\n<figure class=\"wp-block-table has-large-font-size\"><table><thead><tr><th><strong>Datum<\/strong><\/th><th><strong>Grund<\/strong><\/th><\/tr><\/thead><tbody><tr><td>19.05.2023<\/td><td>Br\u00fcckentag nach Himmelfahrt<\/td><\/tr><tr><td><em>werden noch bekannt gegeben<\/em><\/td><td>p\u00e4dagogische Tage<\/td><\/tr><tr><td>31.07.2023 &#8211; 11.08.2023<\/td><td>Sommerferienschlie\u00dfzeit<\/td><\/tr><tr><td>27.12.2023 &#8211; 01.01.2024<\/td><td>Weihnachtsschlie\u00dfzeit<\/td><\/tr><\/tbody><\/table><\/figure>\n\n<h2 class=\"wp-block-heading\">Hausaufgaben<\/h2>\n\n<p>Es gibt verschiedene Angebote an der Schule und im Hort wo Kinder die Hausaufgaben machen k\u00f6nnen.<\/p>\n\n<div class=\"wp-block-buttons is-layout-flex wp-block-buttons-is-layout-flex\">\n<div class=\"wp-block-button\"><a class=\"wp-block-button__link wp-element-button\" href=\"https:\/\/hcandersen.de\/hausaufgaben\/\">Zu den Hausaufgaben<\/a><\/div>\n<\/div>\n\n<h2 class=\"wp-block-heading\">Ferienhort<\/h2>\n\n<p>In den Winterferien gibt es einen Ferien-Hort. Der Ferien-Hort ist offen vom <strong>13.02.2023 bis 24.02.2023<\/strong>. Es gibt ein Ferien-Programm. Man muss sich anmelden. Bald gibt es mehr Informationen zum Ferien-Programm. Hier kann man die Anmeldung herunterladen.<\/p>\n\n<figure class=\"wp-block-table\"><table class=\"has-fixed-layout\"><thead><tr><th class=\"has-text-align-left\" data-align=\"left\"><strong>13.02.<\/strong><\/th><th class=\"has-text-align-left\" data-align=\"left\"><strong>14.02.<\/strong><\/th><th class=\"has-text-align-left\" data-align=\"left\"><strong>15.02.<\/strong><\/th><th class=\"has-text-align-left\" data-align=\"left\"><strong>16.02.<\/strong><\/th><th class=\"has-text-align-left\" data-align=\"left\"><strong>17.02.<\/strong><\/th><\/tr><\/thead><tbody><tr><td class=\"has-text-align-left\" data-align=\"left\"><em>wird noch bekannt gegeben<\/em><\/td><td class=\"has-text-align-left\" data-align=\"left\"><em>wird noch bekannt gegeben<\/em><\/td><td class=\"has-text-align-left\" data-align=\"left\"><em>wird noch bekannt gegeben<\/em><\/td><td class=\"has-text-align-left\" data-align=\"left\"><em>wird noch bekannt gegeben<\/em><\/td><td class=\"has-text-align-left\" data-align=\"left\"><em>wird noch bekannt gegeben<\/em><\/td><\/tr><\/tbody><\/table><\/figure>\n\n<figure class=\"wp-block-table\"><table class=\"has-fixed-layout\"><thead><tr><th class=\"has-text-align-left\" data-align=\"left\"><strong>20.02.<\/strong><\/th><th class=\"has-text-align-left\" data-align=\"left\"><strong>21.02.<\/strong><\/th><th class=\"has-text-align-left\" data-align=\"left\"><strong>22.02.<\/strong><\/th><th class=\"has-text-align-left\" data-align=\"left\"><strong>23.02.<\/strong><\/th><th class=\"has-text-align-left\" data-align=\"left\"><strong>24.02.<\/strong><\/th><\/tr><\/thead><tbody><tr><td class=\"has-text-align-left\" data-align=\"left\"><em>wird noch bekannt gegeben<\/em><\/td><td class=\"has-text-align-left\" data-align=\"left\"><em>wird noch bekannt gegeben<\/em><\/td><td class=\"has-text-align-left\" data-align=\"left\"><em>wird noch bekannt gegeben<\/em><\/td><td class=\"has-text-align-left\" data-align=\"left\"><em>wird noch bekannt gegeben<\/em><\/td><td class=\"has-text-align-left\" data-align=\"left\"><em>wird noch bekannt gegeben<\/em><\/td><\/tr><\/tbody><\/table><\/figure>\n\t<div class=\"dateienblock\">\n\t\t<ul class=\"dateien\">\n\t\t\t\t\t\t<li class=\"datei\">\n\t\t\t\t\t\t\t\t<div class=\"datei-icon\">\n\t\t\t\t\t<svg xmlns=\"http:\/\/www.w3.org\/2000\/svg\" class=\"ionicon\" viewBox=\"0 0 512 512\"><title>Snow<\/title><path fill=\"none\" stroke=\"currentColor\" stroke-linecap=\"round\" stroke-linejoin=\"round\" stroke-width=\"32\" d=\"M256 32v448M313.72 80A111.47 111.47 0 01256 96a111.47 111.47 0 01-57.72-16M198.28 432a112.11 112.11 0 01115.44 0M449.99 144L62.01 368M437.27 218a112.09 112.09 0 01-57.71-100M74.73 294a112.09 112.09 0 0157.71 100M62.01 144l387.98 224M74.73 218a112.09 112.09 0 0057.71-100M437.27 294a112.09 112.09 0 00-57.71 100\"\/><\/svg>\t\t\t\t<\/div>\n\t\t\t\t<div class=\"datei-text\">\n\t\t\t\t\t<p class=\"datei-text-title\">Anmeldung Ferienhort Winterferien<\/p>\n\t\t\t\t\t<p class=\"datei-text-description\">Geben Sie die ausgef\u00fcllte Anmeldung bitte bis zum 20.01.2023 im Hort ab.<\/p>\n\t\t\t\t\t<p class=\"datei-text-download\"><a class=\"hca-button\" href=\"https:\/\/hcandersen.de\/wp-content\/uploads\/2023\/01\/Anmeldungen-1.pdf\">Download<\/a><\/p>\n\t\t\t\t\t\t\t\t\t<\/div>\n\t\t\t<\/li>\n\t\t\t\t\t<\/ul>\n\t<\/div>\n\n<h2 class=\"wp-block-heading\">Wichtige Dokumente <\/h2>\n\n<p class=\"has-medium-font-size\"><strong>Regeln f\u00fcr eine Vollmacht<\/strong><\/p>\n\n<p>Manchmal k\u00f6nnen die Eltern die Kinder nicht im Hort abholen. Dann holt jemand anderes die Kinder ab. Zum Beispiel: Verwandte oder Nachbarn. Sie brauchen eine Vollmacht. Die Vollmacht ist ein Brief. Im Brief steht, wer die Kinder abholen darf. Die Vollmacht muss geschrieben sein. Es geht nicht am Telefon. Die Vollmacht ist auf einem einzelnen Papier. Bitte nicht in das HA-Heft schreiben.<\/p>\n\n<p>Die Vollmacht nur im Notfall per E-Mail schicken. Bitte vorher anrufen!<\/p>\n\t<div class=\"dateienblock\">\n\t\t<ul class=\"dateien\">\n\t\t\t\t\t\t<li class=\"datei\">\n\t\t\t\t\t\t\t\t<div class=\"datei-icon\">\n\t\t\t\t\t<svg xmlns=\"http:\/\/www.w3.org\/2000\/svg\" class=\"ionicon\" viewBox=\"0 0 512 512\"><title>Time<\/title><path d=\"M256 64C150 64 64 150 64 256s86 192 192 192 192-86 192-192S362 64 256 64z\" fill=\"none\" stroke=\"currentColor\" stroke-miterlimit=\"10\" stroke-width=\"32\"\/><path fill=\"none\" stroke=\"currentColor\" stroke-linecap=\"round\" stroke-linejoin=\"round\" stroke-width=\"32\" d=\"M256 128v144h96\"\/><\/svg>\t\t\t\t<\/div>\n\t\t\t\t<div class=\"datei-text\">\n\t\t\t\t\t<p class=\"datei-text-title\">Vollmacht &#8211; Alleingeher<\/p>\n\t\t\t\t\t<p class=\"datei-text-description\">Das Kind darf alleine heimgehen. Schreiben Sie hier die Uhrzeit rein, wann es gehen darf.<\/p>\n\t\t\t\t\t<p class=\"datei-text-download\"><a class=\"hca-button\" href=\"https:\/\/hcandersen.de\/wp-content\/uploads\/2023\/01\/HCA_Vollmacht_Alleingeher.pdf\">Download<\/a><\/p>\n\t\t\t\t\t\t\t\t\t<\/div>\n\t\t\t<\/li>\n\t\t\t\t\t\t<li class=\"datei\">\n\t\t\t\t\t\t\t\t<div class=\"datei-icon\">\n\t\t\t\t\t<svg xmlns=\"http:\/\/www.w3.org\/2000\/svg\" class=\"ionicon\" viewBox=\"0 0 512 512\"><title>People<\/title><path d=\"M402 168c-2.93 40.67-33.1 72-66 72s-63.12-31.32-66-72c-3-42.31 26.37-72 66-72s69 30.46 66 72z\" fill=\"none\" stroke=\"currentColor\" stroke-linecap=\"round\" stroke-linejoin=\"round\" stroke-width=\"32\"\/><path d=\"M336 304c-65.17 0-127.84 32.37-143.54 95.41-2.08 8.34 3.15 16.59 11.72 16.59h263.65c8.57 0 13.77-8.25 11.72-16.59C463.85 335.36 401.18 304 336 304z\" fill=\"none\" stroke=\"currentColor\" stroke-miterlimit=\"10\" stroke-width=\"32\"\/><path d=\"M200 185.94c-2.34 32.48-26.72 58.06-53 58.06s-50.7-25.57-53-58.06C91.61 152.15 115.34 128 147 128s55.39 24.77 53 57.94z\" fill=\"none\" stroke=\"currentColor\" stroke-linecap=\"round\" stroke-linejoin=\"round\" stroke-width=\"32\"\/><path d=\"M206 306c-18.05-8.27-37.93-11.45-59-11.45-52 0-102.1 25.85-114.65 76.2-1.65 6.66 2.53 13.25 9.37 13.25H154\" fill=\"none\" stroke=\"currentColor\" stroke-linecap=\"round\" stroke-miterlimit=\"10\" stroke-width=\"32\"\/><\/svg>\t\t\t\t<\/div>\n\t\t\t\t<div class=\"datei-text\">\n\t\t\t\t\t<p class=\"datei-text-title\">Abholberechtigung<\/p>\n\t\t\t\t\t<p class=\"datei-text-description\">Schreiben Sie hier rein, welche Personen Ihr Kind abholen d\u00fcrfen.<\/p>\n\t\t\t\t\t<p class=\"datei-text-download\"><a class=\"hca-button\" href=\"https:\/\/hcandersen.de\/wp-content\/uploads\/2023\/01\/HCA_Abholberechtigung.pdf\">Download<\/a><\/p>\n\t\t\t\t\t\t\t\t\t<\/div>\n\t\t\t<\/li>\n\t\t\t\t\t<\/ul>\n\t<\/div>\n\n<p class=\"has-medium-font-size\"><strong>Abschluss eines Hortvertrages<\/strong><\/p>\n\n<p>F\u00fcr die Kinder-Betreuung im Hort braucht man einen Vertrag. Die Hort-Leitung hilft dabei. Man kann einen Termin mit der Hort-Leitung machen. Das ist die Telefon-Nummer: 0341-234187030<\/p>\n\t<div class=\"dateienblock\">\n\t\t<ul class=\"dateien\">\n\t\t\t\t\t\t<li class=\"datei\">\n\t\t\t\t\t\t\t\t<div class=\"datei-icon\">\n\t\t\t\t\t<svg xmlns=\"http:\/\/www.w3.org\/2000\/svg\" class=\"ionicon\" viewBox=\"0 0 512 512\"><title>Happy<\/title><circle fill=\"currentColor\" cx=\"184\" cy=\"232\" r=\"24\"\/><path fill=\"currentColor\" d=\"M256.05 384c-45.42 0-83.62-29.53-95.71-69.83a8 8 0 017.82-10.17h175.69a8 8 0 017.82 10.17c-11.99 40.3-50.2 69.83-95.62 69.83z\"\/><circle fill=\"currentColor\" cx=\"328\" cy=\"232\" r=\"24\"\/><circle cx=\"256\" cy=\"256\" r=\"208\" fill=\"none\" stroke=\"currentColor\" stroke-miterlimit=\"10\" stroke-width=\"32\"\/><\/svg>\t\t\t\t<\/div>\n\t\t\t\t<div class=\"datei-text\">\n\t\t\t\t\t<p class=\"datei-text-title\">Angaben f\u00fcr einen Hortvertrag<\/p>\n\t\t\t\t\t<p class=\"datei-text-description\">F\u00fcr den Hort-Vertrag m\u00fcssen Sie dieses Formular ausf\u00fcllen.<\/p>\n\t\t\t\t\t<p class=\"datei-text-download\"><a class=\"hca-button\" href=\"https:\/\/hcandersen.de\/wp-content\/uploads\/2023\/01\/Persoenliche-Angaben-Vertrag-ab-2023-NEU.pdf\">Download<\/a><\/p>\n\t\t\t\t\t\t\t\t\t<\/div>\n\t\t\t<\/li>\n\t\t\t\t\t\t<li class=\"datei\">\n\t\t\t\t\t\t\t\t<div class=\"datei-icon\">\n\t\t\t\t\t<svg xmlns=\"http:\/\/www.w3.org\/2000\/svg\" class=\"ionicon\" viewBox=\"0 0 512 512\"><title>Library<\/title><rect x=\"32\" y=\"96\" width=\"64\" height=\"368\" rx=\"16\" ry=\"16\" fill=\"none\" stroke=\"currentColor\" stroke-linejoin=\"round\" stroke-width=\"32\"\/><path fill=\"none\" stroke=\"currentColor\" stroke-linecap=\"round\" stroke-linejoin=\"round\" stroke-width=\"32\" d=\"M112 224h128M112 400h128\"\/><rect x=\"112\" y=\"160\" width=\"128\" height=\"304\" rx=\"16\" ry=\"16\" fill=\"none\" stroke=\"currentColor\" stroke-linejoin=\"round\" stroke-width=\"32\"\/><rect x=\"256\" y=\"48\" width=\"96\" height=\"416\" rx=\"16\" ry=\"16\" fill=\"none\" stroke=\"currentColor\" stroke-linejoin=\"round\" stroke-width=\"32\"\/><path d=\"M422.46 96.11l-40.4 4.25c-11.12 1.17-19.18 11.57-17.93 23.1l34.92 321.59c1.26 11.53 11.37 20 22.49 18.84l40.4-4.25c11.12-1.17 19.18-11.57 17.93-23.1L445 115c-1.31-11.58-11.42-20.06-22.54-18.89z\" fill=\"none\" stroke=\"currentColor\" stroke-linejoin=\"round\" stroke-width=\"32\"\/><\/svg>\t\t\t\t<\/div>\n\t\t\t\t<div class=\"datei-text\">\n\t\t\t\t\t<p class=\"datei-text-title\">Benutzerreglung<\/p>\n\t\t\t\t\t<p class=\"datei-text-description\">Hier k\u00f6nnen Sie die Hort-Regeln lesen.<\/p>\n\t\t\t\t\t<p class=\"datei-text-download\"><a class=\"hca-button\" href=\"https:\/\/hcandersen.de\/wp-content\/uploads\/2023\/01\/Benutzerreglung-Hort.pdf\">Download<\/a><\/p>\n\t\t\t\t\t\t\t\t\t<\/div>\n\t\t\t<\/li>\n\t\t\t\t\t\t<li class=\"datei\">\n\t\t\t\t\t\t\t\t<div class=\"datei-icon\">\n\t\t\t\t\t<svg xmlns=\"http:\/\/www.w3.org\/2000\/svg\" class=\"ionicon\" viewBox=\"0 0 512 512\"><title>Warning<\/title><path d=\"M85.57 446.25h340.86a32 32 0 0028.17-47.17L284.18 82.58c-12.09-22.44-44.27-22.44-56.36 0L57.4 399.08a32 32 0 0028.17 47.17z\" fill=\"none\" stroke=\"currentColor\" stroke-linecap=\"round\" stroke-linejoin=\"round\" stroke-width=\"32\"\/><path d=\"M250.26 195.39l5.74 122 5.73-121.95a5.74 5.74 0 00-5.79-6h0a5.74 5.74 0 00-5.68 5.95z\" fill=\"none\" stroke=\"currentColor\" stroke-linecap=\"round\" stroke-linejoin=\"round\" stroke-width=\"32\"\/><path d=\"M256 397.25a20 20 0 1120-20 20 20 0 01-20 20z\"\/><\/svg>\t\t\t\t<\/div>\n\t\t\t\t<div class=\"datei-text\">\n\t\t\t\t\t<p class=\"datei-text-title\">K\u00fcndigung Hortvertrag<\/p>\n\t\t\t\t\t<p class=\"datei-text-description\">Bitte f\u00fcllen Sie dieses Formular aus, wenn das Kind nicht mehr in den Hort kommt.<\/p>\n\t\t\t\t\t<p class=\"datei-text-download\"><a class=\"hca-button\" href=\"https:\/\/hcandersen.de\/wp-content\/uploads\/2023\/01\/Vordruck-Kuendigung-Hortplatz.pdf\">Download<\/a><\/p>\n\t\t\t\t\t\t\t\t\t<\/div>\n\t\t\t<\/li>\n\t\t\t\t\t<\/ul>\n\t<\/div>\n\n<h2 class=\"wp-block-heading\">Kontakt<\/h2>\n\t<div class=\"personenblock\">\n\t\t<ul class=\"personen\">\n\t\t\t\t\t\t<li class=\"person\">\n\t\t\t\t<div class=\"person-image\">\n\t\t\t\t\t\t\t\t\t<\/div>\n\t\t\t\t<div class=\"person-text\">\n\t\t\t\t\t<p class=\"person-text-name\">Frau Helm <\/p>\n\t\t\t\t\t<p class=\"person-text-subtitle\">Hortleiterin in Vertretung<\/p>\n\t\t\t\t\t<p class=\"person-text-email\"><a class=\"hca-button\" href=\"mailto:hort@hcandersen.de\">E-Mail<\/a><\/p><p class=\"person-text-phone\">+49 341 23 41 87030<\/p>\t\t\t\t<\/div>\n\t\t\t<\/li>\n\t\t\t\t\t<\/ul>\n\t<\/div>\n","protected":false},"excerpt":{"rendered":"<p>\u201eGib jedem Tag die Chance, der Sch\u00f6nste deines Lebens zu werden.\u201c Mark Twain Der Hort ist eine Kinder-Betreuung. Die Kinder [&hellip;]<\/p>\n","protected":false},"author":3,"featured_media":3314,"parent":0,"menu_order":0,"comment_status":"closed","ping_status":"closed","template":"","meta":{"_acf_changed":false,"footnotes":""},"class_list":["post-1594","page","type-page","status-publish","has-post-thumbnail","hentry"],"acf":[],"_links":{"self":[{"href":"https:\/\/hcandersen.de\/ls\/wp-json\/wp\/v2\/pages\/1594","targetHints":{"allow":["GET"]}}],"collection":[{"href":"https:\/\/hcandersen.de\/ls\/wp-json\/wp\/v2\/pages"}],"about":[{"href":"https:\/\/hcandersen.de\/ls\/wp-json\/wp\/v2\/types\/page"}],"author":[{"embeddable":true,"href":"https:\/\/hcandersen.de\/ls\/wp-json\/wp\/v2\/users\/3"}],"replies":[{"embeddable":true,"href":"https:\/\/hcandersen.de\/ls\/wp-json\/wp\/v2\/comments?post=1594"}],"version-history":[{"count":9,"href":"https:\/\/hcandersen.de\/ls\/wp-json\/wp\/v2\/pages\/1594\/revisions"}],"predecessor-version":[{"id":1683,"href":"https:\/\/hcandersen.de\/ls\/wp-json\/wp\/v2\/pages\/1594\/revisions\/1683"}],"wp:featuredmedia":[{"embeddable":true,"href":"https:\/\/hcandersen.de\/ls\/wp-json\/wp\/v2\/media\/3314"}],"wp:attachment":[{"href":"https:\/\/hcandersen.de\/ls\/wp-json\/wp\/v2\/media?parent=1594"}],"curies":[{"name":"wp","href":"https:\/\/api.w.org\/{rel}","templated":true}]}}