{"id":1630,"date":"2022-11-09T10:25:32","date_gmt":"2022-11-09T09:25:32","guid":{"rendered":"https:\/\/hcandersen.de\/lernspiele\/"},"modified":"2025-05-03T20:29:56","modified_gmt":"2025-05-03T18:29:56","slug":"lernspiele","status":"publish","type":"page","link":"https:\/\/hcandersen.de\/ls\/lernspiele\/","title":{"rendered":"Lernspiele"},"content":{"rendered":"\n<div class=\"wp-block-media-text alignwide is-stacked-on-mobile\" style=\"grid-template-columns:40% auto\"><figure class=\"wp-block-media-text__media\"><img loading=\"lazy\" decoding=\"async\" width=\"668\" height=\"488\" src=\"https:\/\/hcandersen.de\/wp-content\/uploads\/2022\/12\/anton.png\" alt=\"\" class=\"wp-image-926 size-full\" srcset=\"https:\/\/hcandersen.de\/wp-content\/uploads\/2022\/12\/anton.png 668w, https:\/\/hcandersen.de\/wp-content\/uploads\/2022\/12\/anton-300x219.png 300w\" sizes=\"auto, (max-width: 668px) 100vw, 668px\" \/><\/figure><div class=\"wp-block-media-text__content\">\n<h2 class=\"wp-block-heading\">Anton<\/h2>\n\n\n\n<p><strong>Anton<\/strong> ist eine kostenlose Lern-App. Die Lern-App ist f\u00fcr Kinder ab Klasse 1. Es gibt alle F\u00e4cher und es gibt <strong>coole Spiele<\/strong>.<\/p>\n\n\n\n<div class=\"wp-block-buttons is-layout-flex wp-block-buttons-is-layout-flex\">\n<div class=\"wp-block-button is-style-fill\"><a class=\"wp-block-button__link wp-element-button\" href=\"https:\/\/anton.app\/de\/\" target=\"_blank\" rel=\"noreferrer noopener\">Zur Anton App<\/a><\/div>\n<\/div>\n<\/div><\/div>\n\n\n\n<div class=\"wp-block-media-text alignwide has-media-on-the-right is-stacked-on-mobile\" style=\"grid-template-columns:auto 19%\"><div class=\"wp-block-media-text__content\">\n<h2 class=\"wp-block-heading\">fragFINN<\/h2>\n\n\n\n<p>Die Seite fragFINN.de ist eine <strong>Suchmaschine<\/strong> f\u00fcr Kinder. Die Kinder k\u00f6nnen damit im Internet suchen. Es gibt Videos, Spiele, Nachrichten und eine Zufalls-Maschine gegen Langeweile! Lass dich \u00fcberraschen!<\/p>\n\n\n\n<div class=\"wp-block-buttons is-layout-flex wp-block-buttons-is-layout-flex\">\n<div class=\"wp-block-button is-style-fill\"><a class=\"wp-block-button__link wp-element-button\" href=\"https:\/\/www.fragfinn.de\/\" target=\"_blank\" rel=\"noreferrer noopener\">Zur fragFINN<\/a><\/div>\n<\/div>\n<\/div><figure class=\"wp-block-media-text__media\"><img loading=\"lazy\" decoding=\"async\" width=\"799\" height=\"1024\" src=\"https:\/\/hcandersen.de\/wp-content\/uploads\/2025\/05\/Schrift_und_Bildmarke-799x1024.png\" alt=\"\" class=\"wp-image-5527 size-full\" srcset=\"https:\/\/hcandersen.de\/wp-content\/uploads\/2025\/05\/Schrift_und_Bildmarke-799x1024.png 799w, https:\/\/hcandersen.de\/wp-content\/uploads\/2025\/05\/Schrift_und_Bildmarke-234x300.png 234w, https:\/\/hcandersen.de\/wp-content\/uploads\/2025\/05\/Schrift_und_Bildmarke-768x985.png 768w, https:\/\/hcandersen.de\/wp-content\/uploads\/2025\/05\/Schrift_und_Bildmarke-1198x1536.png 1198w, https:\/\/hcandersen.de\/wp-content\/uploads\/2025\/05\/Schrift_und_Bildmarke-1598x2048.png 1598w, https:\/\/hcandersen.de\/wp-content\/uploads\/2025\/05\/Schrift_und_Bildmarke-scaled.png 1997w\" sizes=\"auto, (max-width: 799px) 100vw, 799px\" \/><\/figure><\/div>\n\n\n\n<div class=\"wp-block-media-text alignwide is-stacked-on-mobile\" style=\"grid-template-columns:40% auto\"><figure class=\"wp-block-media-text__media\"><img loading=\"lazy\" decoding=\"async\" width=\"1024\" height=\"728\" src=\"https:\/\/hcandersen.de\/wp-content\/uploads\/2022\/12\/schlaukopf-1024x728.png\" alt=\"\" class=\"wp-image-944 size-full\" srcset=\"https:\/\/hcandersen.de\/wp-content\/uploads\/2022\/12\/schlaukopf-1024x728.png 1024w, https:\/\/hcandersen.de\/wp-content\/uploads\/2022\/12\/schlaukopf-300x213.png 300w, https:\/\/hcandersen.de\/wp-content\/uploads\/2022\/12\/schlaukopf-768x546.png 768w, https:\/\/hcandersen.de\/wp-content\/uploads\/2022\/12\/schlaukopf.png 1032w\" sizes=\"auto, (max-width: 1024px) 100vw, 1024px\" \/><\/figure><div class=\"wp-block-media-text__content\">\n<h2 class=\"wp-block-heading\">Schlaukopf<\/h2>\n\n\n\n<p><strong>Das Wissens-Quiz f\u00fcr die Schule.<\/strong> Es ist kostenlos. Es gibt \u00fcber 80 000 Fragen f\u00fcr jede Klassen-Stufe und jedes Unterrichts-Fach.<\/p>\n\n\n\n<div class=\"wp-block-buttons is-layout-flex wp-block-buttons-is-layout-flex\">\n<div class=\"wp-block-button is-style-fill\"><a class=\"wp-block-button__link wp-element-button\" href=\"https:\/\/www.schlaukopf.de\/\" target=\"_blank\" rel=\"noreferrer noopener\">Zum Schlaukopf<\/a><\/div>\n<\/div>\n<\/div><\/div>\n\n\n\n<div class=\"wp-block-media-text alignwide has-media-on-the-right is-stacked-on-mobile\" style=\"grid-template-columns:auto 40%\"><div class=\"wp-block-media-text__content\">\n<h2 class=\"wp-block-heading\">LegaKids<\/h2>\n\n\n\n<p><strong>LegaKids<\/strong> hat kostenfreie Spiele und \u00dcbungen f\u00fcr Lesen, Schreiben und Rechnen. Es gibt viele Tipps f\u00fcr Kinder mit Problemen beim Lesen und Rechnen. Zum Beispiel f\u00fcr Kinder mit LRS, Legasthenie oder Rechen-Schw\u00e4che.<\/p>\n\n\n\n<div class=\"wp-block-buttons is-layout-flex wp-block-buttons-is-layout-flex\">\n<div class=\"wp-block-button is-style-fill\"><a class=\"wp-block-button__link wp-element-button\" href=\"https:\/\/www.legakids.net\/\" target=\"_blank\" rel=\"noreferrer noopener\">Zu LegaKids<\/a><\/div>\n<\/div>\n<\/div><figure class=\"wp-block-media-text__media\"><img loading=\"lazy\" decoding=\"async\" width=\"850\" height=\"556\" src=\"https:\/\/hcandersen.de\/wp-content\/uploads\/2022\/12\/lurs.png\" alt=\"\" class=\"wp-image-949 size-full\" srcset=\"https:\/\/hcandersen.de\/wp-content\/uploads\/2022\/12\/lurs.png 850w, https:\/\/hcandersen.de\/wp-content\/uploads\/2022\/12\/lurs-300x196.png 300w, https:\/\/hcandersen.de\/wp-content\/uploads\/2022\/12\/lurs-768x502.png 768w\" sizes=\"auto, (max-width: 850px) 100vw, 850px\" \/><\/figure><\/div>\n\n\n\n<div class=\"wp-block-media-text alignwide is-stacked-on-mobile\" style=\"grid-template-columns:40% auto\"><figure class=\"wp-block-media-text__media\"><img loading=\"lazy\" decoding=\"async\" width=\"474\" height=\"316\" src=\"https:\/\/hcandersen.de\/wp-content\/uploads\/2022\/12\/antolin.jpeg\" alt=\"\" class=\"wp-image-952 size-full\" srcset=\"https:\/\/hcandersen.de\/wp-content\/uploads\/2022\/12\/antolin.jpeg 474w, https:\/\/hcandersen.de\/wp-content\/uploads\/2022\/12\/antolin-300x200.jpeg 300w\" sizes=\"auto, (max-width: 474px) 100vw, 474px\" \/><\/figure><div class=\"wp-block-media-text__content\">\n<h2 class=\"wp-block-heading\">Antolin<\/h2>\n\n\n\n<p>Auf <strong>Antolin<\/strong> gibt es Quizfragen zu B\u00fcchern. Die B\u00fccher musst du lesen. Du sammelst Punkte und Belohnungen.<\/p>\n\n\n\n<div class=\"wp-block-buttons is-layout-flex wp-block-buttons-is-layout-flex\">\n<div class=\"wp-block-button is-style-fill\"><a class=\"wp-block-button__link wp-element-button\" href=\"https:\/\/antolin.westermann.de\" target=\"_blank\" rel=\"noreferrer noopener\">Zu Antolin<\/a><\/div>\n<\/div>\n<\/div><\/div>\n\n\n\n<div class=\"wp-block-media-text alignwide has-media-on-the-right is-stacked-on-mobile\" style=\"grid-template-columns:auto 40%\"><div class=\"wp-block-media-text__content\">\n<h2 class=\"wp-block-heading\">Amira<\/h2>\n\n\n\n<p>Das Programm <strong>AMIRA <\/strong>ist f\u00fcr Leseanf\u00e4nger. Es ist gut f\u00fcr Kinder die Deutsch als zweite Sprache lernen. Amira ist in acht Sprachen verf\u00fcgbar.<\/p>\n\n\n\n<div class=\"wp-block-buttons is-layout-flex wp-block-buttons-is-layout-flex\">\n<div class=\"wp-block-button is-style-fill\"><a class=\"wp-block-button__link wp-element-button\" href=\"https:\/\/amira-lesen.de\/\" target=\"_blank\" rel=\"noreferrer noopener\">Zu Amira<\/a><\/div>\n<\/div>\n<\/div><figure class=\"wp-block-media-text__media\"><img loading=\"lazy\" decoding=\"async\" width=\"1024\" height=\"809\" src=\"https:\/\/hcandersen.de\/wp-content\/uploads\/2022\/12\/amira-1024x809.png\" alt=\"\" class=\"wp-image-955 size-full\" srcset=\"https:\/\/hcandersen.de\/wp-content\/uploads\/2022\/12\/amira-1024x809.png 1024w, https:\/\/hcandersen.de\/wp-content\/uploads\/2022\/12\/amira-300x237.png 300w, https:\/\/hcandersen.de\/wp-content\/uploads\/2022\/12\/amira-768x607.png 768w, https:\/\/hcandersen.de\/wp-content\/uploads\/2022\/12\/amira.png 1038w\" sizes=\"auto, (max-width: 1024px) 100vw, 1024px\" \/><\/figure><\/div>\n\n\n\n<div class=\"wp-block-media-text alignwide is-stacked-on-mobile\" style=\"grid-template-columns:34% auto\"><figure class=\"wp-block-media-text__media\"><img loading=\"lazy\" decoding=\"async\" width=\"800\" height=\"600\" src=\"https:\/\/hcandersen.de\/wp-content\/uploads\/2023\/05\/title.png\" alt=\"\" class=\"wp-image-2356 size-full\" srcset=\"https:\/\/hcandersen.de\/wp-content\/uploads\/2023\/05\/title.png 800w, https:\/\/hcandersen.de\/wp-content\/uploads\/2023\/05\/title-300x225.png 300w, https:\/\/hcandersen.de\/wp-content\/uploads\/2023\/05\/title-768x576.png 768w\" sizes=\"auto, (max-width: 800px) 100vw, 800px\" \/><\/figure><div class=\"wp-block-media-text__content\">\n<p><\/p>\n\n\n\n<h2 class=\"wp-block-heading\">Mumbro &amp; Zinell<\/h2>\n\n\n\n<p><strong>Deutsch lernen mit Mumbro und Zinell.<\/strong>  Lerne neue W\u00f6rter mit vielen \u00dcbungen.<\/p>\n\n\n\n<div class=\"wp-block-buttons is-layout-flex wp-block-buttons-is-layout-flex\">\n<div class=\"wp-block-button\"><a class=\"wp-block-button__link wp-element-button\" href=\"https:\/\/www.planet-schule.de\/mm\/deutsch-lernen\/\">Zu Mumbro und Zinell<\/a><\/div>\n<\/div>\n<\/div><\/div>\n\n\n\n<div class=\"wp-block-media-text alignwide has-media-on-the-right is-stacked-on-mobile\" style=\"grid-template-columns:auto 40%\"><div class=\"wp-block-media-text__content\">\n<h2 class=\"wp-block-heading\">Einmaleins<\/h2>\n\n\n\n<p><strong>Einmaleins.de<\/strong> hat Mal-Aufgaben zum Lernen und \u00dcben.<\/p>\n\n\n\n<div class=\"wp-block-buttons is-layout-flex wp-block-buttons-is-layout-flex\">\n<div class=\"wp-block-button is-style-fill\"><a class=\"wp-block-button__link wp-element-button\" href=\"https:\/\/www.einmaleins.de\" target=\"_blank\" rel=\"noreferrer noopener\">Zu Einmaleins<\/a><\/div>\n<\/div>\n<\/div><figure class=\"wp-block-media-text__media\"><img loading=\"lazy\" decoding=\"async\" width=\"665\" height=\"389\" src=\"https:\/\/hcandersen.de\/wp-content\/uploads\/2022\/12\/einmaleins.jpg\" alt=\"\" class=\"wp-image-958 size-full\" srcset=\"https:\/\/hcandersen.de\/wp-content\/uploads\/2022\/12\/einmaleins.jpg 665w, https:\/\/hcandersen.de\/wp-content\/uploads\/2022\/12\/einmaleins-300x175.jpg 300w\" sizes=\"auto, (max-width: 665px) 100vw, 665px\" \/><\/figure><\/div>\n\n\n\n<div class=\"wp-block-media-text alignwide is-stacked-on-mobile\" style=\"grid-template-columns:40% auto\"><figure class=\"wp-block-media-text__media\"><img loading=\"lazy\" decoding=\"async\" width=\"1024\" height=\"732\" src=\"https:\/\/hcandersen.de\/wp-content\/uploads\/2022\/12\/coollama-1024x732.jpg\" alt=\"\" class=\"wp-image-961 size-full\" srcset=\"https:\/\/hcandersen.de\/wp-content\/uploads\/2022\/12\/coollama-1024x732.jpg 1024w, https:\/\/hcandersen.de\/wp-content\/uploads\/2022\/12\/coollama-300x214.jpg 300w, https:\/\/hcandersen.de\/wp-content\/uploads\/2022\/12\/coollama-768x549.jpg 768w, https:\/\/hcandersen.de\/wp-content\/uploads\/2022\/12\/coollama.jpg 1249w\" sizes=\"auto, (max-width: 1024px) 100vw, 1024px\" \/><\/figure><div class=\"wp-block-media-text__content\">\n<h2 class=\"wp-block-heading\">Cool Lama<\/h2>\n\n\n\n<p><strong>Rechnen bis das Lama pupst!<\/strong> Hier gibt es Mathe-Spiele. Die Spiele sind eingeteilt in Klassen-Stufe und Grundrechen-Art.<\/p>\n\n\n\n<div class=\"wp-block-buttons is-layout-flex wp-block-buttons-is-layout-flex\">\n<div class=\"wp-block-button is-style-fill\"><a class=\"wp-block-button__link wp-element-button\" href=\"https:\/\/coollama.de\" target=\"_blank\" rel=\"noreferrer noopener\">Zu Cool Lama<\/a><\/div>\n<\/div>\n<\/div><\/div>\n\n\n\n<p><\/p>\n","protected":false},"excerpt":{"rendered":"","protected":false},"author":1,"featured_media":0,"parent":0,"menu_order":0,"comment_status":"closed","ping_status":"closed","template":"","meta":{"_acf_changed":false,"footnotes":""},"class_list":["post-1630","page","type-page","status-publish","hentry"],"acf":[],"_links":{"self":[{"href":"https:\/\/hcandersen.de\/ls\/wp-json\/wp\/v2\/pages\/1630","targetHints":{"allow":["GET"]}}],"collection":[{"href":"https:\/\/hcandersen.de\/ls\/wp-json\/wp\/v2\/pages"}],"about":[{"href":"https:\/\/hcandersen.de\/ls\/wp-json\/wp\/v2\/types\/page"}],"author":[{"embeddable":true,"href":"https:\/\/hcandersen.de\/ls\/wp-json\/wp\/v2\/users\/1"}],"replies":[{"embeddable":true,"href":"https:\/\/hcandersen.de\/ls\/wp-json\/wp\/v2\/comments?post=1630"}],"version-history":[{"count":10,"href":"https:\/\/hcandersen.de\/ls\/wp-json\/wp\/v2\/pages\/1630\/revisions"}],"predecessor-version":[{"id":5531,"href":"https:\/\/hcandersen.de\/ls\/wp-json\/wp\/v2\/pages\/1630\/revisions\/5531"}],"wp:attachment":[{"href":"https:\/\/hcandersen.de\/ls\/wp-json\/wp\/v2\/media?parent=1630"}],"curies":[{"name":"wp","href":"https:\/\/api.w.org\/{rel}","templated":true}]}}