{"id":1634,"date":"2022-11-09T10:13:44","date_gmt":"2022-11-09T09:13:44","guid":{"rendered":"https:\/\/hcandersen.de\/fuer-gaeste\/"},"modified":"2025-09-25T22:28:59","modified_gmt":"2025-09-25T20:28:59","slug":"fuer-gaeste","status":"publish","type":"page","link":"https:\/\/hcandersen.de\/ls\/fuer-gaeste\/","title":{"rendered":"F\u00fcr G\u00e4ste"},"content":{"rendered":"\n<p><strong>Die Hans-Christian-Andersen Grundschule ist eine Stadtteil-Schule in Sellerhausen.<\/strong> Es gibt 14 Klassen mit 272 Sch\u00fcler und Sch\u00fclerinnen. Die Kinder kommen aus verschiedenen L\u00e4ndern. Es gibt R\u00e4ume f\u00fcr Kunst, Musik und einen Werk-Raum. Im Computer-Raum k\u00f6nnen die Kinder digital lernen. Die Schule hat sechs Klassen-Zimmer mit digitalen Tafeln. Wir haben einen neuen Schul-Garten. Die Kinder lernen im Garten Wichtiges \u00fcber die Natur. Im Sommer machen wir auch Unterricht im Garten.<\/p>\n\n\n\n<div class=\"wp-block-buttons is-content-justification-center is-layout-flex wp-container-core-buttons-is-layout-16018d1d wp-block-buttons-is-layout-flex\">\n<div class=\"wp-block-button is-style-fill\"><a class=\"wp-block-button__link wp-element-button\" href=\"https:\/\/hcandersen.de\/ls\/ueber-die-schule\/\" rel=\"google.com\">Alle Infos zur Schule<\/a><\/div>\n<\/div>\n\n\n\n<figure class=\"wp-block-gallery has-nested-images columns-default is-cropped wp-block-gallery-1 is-layout-flex wp-block-gallery-is-layout-flex\">\n<figure class=\"wp-block-image size-large\"><a href=\"https:\/\/hcandersen.de\/wp-content\/uploads\/2022\/12\/DSC04375-scaled.jpg\"><img loading=\"lazy\" decoding=\"async\" width=\"1024\" height=\"768\" data-id=\"573\" src=\"https:\/\/hcandersen.de\/wp-content\/uploads\/2022\/12\/DSC04375-1024x768.jpg\" alt=\"\" class=\"wp-image-573\" srcset=\"https:\/\/hcandersen.de\/wp-content\/uploads\/2022\/12\/DSC04375-1024x768.jpg 1024w, https:\/\/hcandersen.de\/wp-content\/uploads\/2022\/12\/DSC04375-300x225.jpg 300w, https:\/\/hcandersen.de\/wp-content\/uploads\/2022\/12\/DSC04375-768x576.jpg 768w, https:\/\/hcandersen.de\/wp-content\/uploads\/2022\/12\/DSC04375-1536x1152.jpg 1536w, https:\/\/hcandersen.de\/wp-content\/uploads\/2022\/12\/DSC04375-2048x1536.jpg 2048w\" sizes=\"auto, (max-width: 1024px) 100vw, 1024px\" \/><\/a><\/figure>\n\n\n\n<figure class=\"wp-block-image size-large\"><a href=\"https:\/\/hcandersen.de\/wp-content\/uploads\/2022\/12\/PXL_20221026_093347546.MP_-scaled.jpg\"><img loading=\"lazy\" decoding=\"async\" width=\"1024\" height=\"768\" data-id=\"570\" src=\"https:\/\/hcandersen.de\/wp-content\/uploads\/2022\/12\/PXL_20221026_093347546.MP_-1024x768.jpg\" alt=\"\" class=\"wp-image-570\" srcset=\"https:\/\/hcandersen.de\/wp-content\/uploads\/2022\/12\/PXL_20221026_093347546.MP_-1024x768.jpg 1024w, https:\/\/hcandersen.de\/wp-content\/uploads\/2022\/12\/PXL_20221026_093347546.MP_-300x225.jpg 300w, https:\/\/hcandersen.de\/wp-content\/uploads\/2022\/12\/PXL_20221026_093347546.MP_-768x576.jpg 768w, https:\/\/hcandersen.de\/wp-content\/uploads\/2022\/12\/PXL_20221026_093347546.MP_-1536x1152.jpg 1536w, https:\/\/hcandersen.de\/wp-content\/uploads\/2022\/12\/PXL_20221026_093347546.MP_-2048x1536.jpg 2048w\" sizes=\"auto, (max-width: 1024px) 100vw, 1024px\" \/><\/a><\/figure>\n\n\n\n<figure class=\"wp-block-image size-large\"><a href=\"https:\/\/hcandersen.de\/wp-content\/uploads\/2022\/12\/PXL_20210901_131158191.MP_-scaled.jpg\"><img loading=\"lazy\" decoding=\"async\" width=\"1024\" height=\"768\" data-id=\"566\" src=\"https:\/\/hcandersen.de\/wp-content\/uploads\/2022\/12\/PXL_20210901_131158191.MP_-1024x768.jpg\" alt=\"\" class=\"wp-image-566\" srcset=\"https:\/\/hcandersen.de\/wp-content\/uploads\/2022\/12\/PXL_20210901_131158191.MP_-1024x768.jpg 1024w, https:\/\/hcandersen.de\/wp-content\/uploads\/2022\/12\/PXL_20210901_131158191.MP_-300x225.jpg 300w, https:\/\/hcandersen.de\/wp-content\/uploads\/2022\/12\/PXL_20210901_131158191.MP_-768x576.jpg 768w, https:\/\/hcandersen.de\/wp-content\/uploads\/2022\/12\/PXL_20210901_131158191.MP_-1536x1152.jpg 1536w, https:\/\/hcandersen.de\/wp-content\/uploads\/2022\/12\/PXL_20210901_131158191.MP_-2048x1536.jpg 2048w\" sizes=\"auto, (max-width: 1024px) 100vw, 1024px\" \/><\/a><\/figure>\n\n\n\n<figure class=\"wp-block-image size-large\"><a href=\"https:\/\/hcandersen.de\/wp-content\/uploads\/2022\/12\/PXL_20210902_114707902.MP_-scaled.jpg\"><img loading=\"lazy\" decoding=\"async\" width=\"1024\" height=\"768\" data-id=\"564\" src=\"https:\/\/hcandersen.de\/wp-content\/uploads\/2022\/12\/PXL_20210902_114707902.MP_-1024x768.jpg\" alt=\"\" class=\"wp-image-564\" srcset=\"https:\/\/hcandersen.de\/wp-content\/uploads\/2022\/12\/PXL_20210902_114707902.MP_-1024x768.jpg 1024w, https:\/\/hcandersen.de\/wp-content\/uploads\/2022\/12\/PXL_20210902_114707902.MP_-300x225.jpg 300w, https:\/\/hcandersen.de\/wp-content\/uploads\/2022\/12\/PXL_20210902_114707902.MP_-768x576.jpg 768w, https:\/\/hcandersen.de\/wp-content\/uploads\/2022\/12\/PXL_20210902_114707902.MP_-1536x1152.jpg 1536w, https:\/\/hcandersen.de\/wp-content\/uploads\/2022\/12\/PXL_20210902_114707902.MP_-2048x1536.jpg 2048w\" sizes=\"auto, (max-width: 1024px) 100vw, 1024px\" \/><\/a><\/figure>\n\n\n\n<figure class=\"wp-block-image size-large\"><a href=\"https:\/\/hcandersen.de\/wp-content\/uploads\/2022\/12\/DSC04387-scaled.jpg\"><img loading=\"lazy\" decoding=\"async\" width=\"1024\" height=\"768\" data-id=\"560\" src=\"https:\/\/hcandersen.de\/wp-content\/uploads\/2022\/12\/DSC04387-1024x768.jpg\" alt=\"\" class=\"wp-image-560\" srcset=\"https:\/\/hcandersen.de\/wp-content\/uploads\/2022\/12\/DSC04387-1024x768.jpg 1024w, https:\/\/hcandersen.de\/wp-content\/uploads\/2022\/12\/DSC04387-300x225.jpg 300w, https:\/\/hcandersen.de\/wp-content\/uploads\/2022\/12\/DSC04387-768x576.jpg 768w, https:\/\/hcandersen.de\/wp-content\/uploads\/2022\/12\/DSC04387-1536x1152.jpg 1536w, https:\/\/hcandersen.de\/wp-content\/uploads\/2022\/12\/DSC04387-2048x1536.jpg 2048w\" sizes=\"auto, (max-width: 1024px) 100vw, 1024px\" \/><\/a><\/figure>\n\n\n\n<figure class=\"wp-block-image size-large\"><a href=\"https:\/\/hcandersen.de\/wp-content\/uploads\/2022\/12\/DSC04331-scaled.jpg\"><img loading=\"lazy\" decoding=\"async\" width=\"1024\" height=\"768\" data-id=\"558\" src=\"https:\/\/hcandersen.de\/wp-content\/uploads\/2022\/12\/DSC04331-1024x768.jpg\" alt=\"\" class=\"wp-image-558\" srcset=\"https:\/\/hcandersen.de\/wp-content\/uploads\/2022\/12\/DSC04331-1024x768.jpg 1024w, https:\/\/hcandersen.de\/wp-content\/uploads\/2022\/12\/DSC04331-300x225.jpg 300w, https:\/\/hcandersen.de\/wp-content\/uploads\/2022\/12\/DSC04331-768x576.jpg 768w, https:\/\/hcandersen.de\/wp-content\/uploads\/2022\/12\/DSC04331-1536x1152.jpg 1536w, https:\/\/hcandersen.de\/wp-content\/uploads\/2022\/12\/DSC04331-2048x1536.jpg 2048w\" sizes=\"auto, (max-width: 1024px) 100vw, 1024px\" \/><\/a><\/figure>\n\n\n\n<figure class=\"wp-block-image size-large\"><a href=\"https:\/\/hcandersen.de\/wp-content\/uploads\/2022\/12\/20201109_123450-scaled.jpg\"><img loading=\"lazy\" decoding=\"async\" width=\"1024\" height=\"768\" data-id=\"556\" src=\"https:\/\/hcandersen.de\/wp-content\/uploads\/2022\/12\/20201109_123450-1024x768.jpg\" alt=\"\" class=\"wp-image-556\" srcset=\"https:\/\/hcandersen.de\/wp-content\/uploads\/2022\/12\/20201109_123450-1024x768.jpg 1024w, https:\/\/hcandersen.de\/wp-content\/uploads\/2022\/12\/20201109_123450-300x225.jpg 300w, https:\/\/hcandersen.de\/wp-content\/uploads\/2022\/12\/20201109_123450-768x576.jpg 768w, https:\/\/hcandersen.de\/wp-content\/uploads\/2022\/12\/20201109_123450-1536x1152.jpg 1536w, https:\/\/hcandersen.de\/wp-content\/uploads\/2022\/12\/20201109_123450-2048x1536.jpg 2048w\" sizes=\"auto, (max-width: 1024px) 100vw, 1024px\" \/><\/a><\/figure>\n<\/figure>\n\n\n\n<h2 class=\"wp-block-heading\">Der F\u00f6rderverein stellt sich vor<\/h2>\n\n\n\n<p>Im F\u00f6rder-Verein sind Eltern, Lehrer und Lehrerinnen. Der F\u00f6rder-Verein macht Projekte f\u00fcr eine bessere Schule. Zum Beispiel: neue digitale Ger\u00e4te, der \u201eLaufbus\u201c, der Vorlese-Tag und eine Internetseite f\u00fcr die Schule. Der F\u00f6rder-Verein sammelt Geld f\u00fcr die Projekte. Wir freuen uns \u00fcber Eltern die mitmachen wollen und \u00fcber Spenden.<\/p>\n\n\n\n<div class=\"wp-block-buttons is-content-justification-left is-layout-flex wp-container-core-buttons-is-layout-fdcfc74e wp-block-buttons-is-layout-flex\">\n<div class=\"wp-block-button is-style-fill\"><a class=\"wp-block-button__link wp-element-button\" href=\"https:\/\/hcandersen.de\/foerderverein\/\">Alle Infos zum F\u00f6rderverein<\/a><\/div>\n<\/div>\n\n\n\n<h2 class=\"wp-block-heading\">Sie kommen von der Universit\u00e4t?<\/h2>\n\n\n\n<p>Sie studieren Lehramt und m\u00f6chten ein Praktikum bei uns machen. Oder Sie m\u00f6chten ein Ganz-Tags-Angebot f\u00fcr unsere Kinder anbieten? Hier finden Sie mehr Informationen:<\/p>\n\n\n\n<div class=\"wp-block-buttons is-content-justification-left is-layout-flex wp-container-core-buttons-is-layout-fdcfc74e wp-block-buttons-is-layout-flex\">\n<div class=\"wp-block-button is-style-fill\"><a class=\"wp-block-button__link wp-element-button\" href=\"https:\/\/hcandersen.de\/studierende\/\">Alle Infos f\u00fcr Studierende<\/a><\/div>\n<\/div>\n\n\n<div class=\"termineblock\">\n\t\t<ul class=\"terminelist\">\n\t\t\t\t<li class=\"terminelist-item\">\n\t\t\t<div class=\"termin\" data-category=\"fuer-eltern fuer-gaeste fuer-kinder\">\n\t    \t\t<div class=\"termin-date\">\n\t    \t\t\t<div class=\"termin-date-day\">14<\/div>\n\t    \t\t\t<div class=\"termin-date-month\">May<\/div>\n\t    \t\t<\/div>\n\t    \t\t<div class=\"termin-text\">\n\t    \t\t\t<p class=\"termin-text-fulldate\">\n\t\t    \t\t14.05.2026 &#8211; 15.05.2026\t    \t\t\t<\/p>\n\t    \t\t\t<p class=\"heading termin-text-title\">Himmelfahrt (schulfrei)<\/p>\n\t        \t<\/div>\n\t    \t<\/div>\n\t\t<\/li>\n\t\t\t\t<li class=\"terminelist-item\">\n\t\t\t<div class=\"termin\" data-category=\"fuer-eltern fuer-gaeste fuer-kinder\">\n\t    \t\t<div class=\"termin-date\">\n\t    \t\t\t<div class=\"termin-date-day\">25<\/div>\n\t    \t\t\t<div class=\"termin-date-month\">May<\/div>\n\t    \t\t<\/div>\n\t    \t\t<div class=\"termin-text\">\n\t    \t\t\t<p class=\"termin-text-fulldate\">\n\t\t    \t\t25.05.2026\t    \t\t\t<\/p>\n\t    \t\t\t<p class=\"heading termin-text-title\">Pfingsten (schulfrei)<\/p>\n\t        \t<\/div>\n\t    \t<\/div>\n\t\t<\/li>\n\t\t\t\t<li class=\"terminelist-item\">\n\t\t\t<div class=\"termin\" data-category=\"fuer-eltern fuer-gaeste fuer-kinder\">\n\t    \t\t<div class=\"termin-date\">\n\t    \t\t\t<div class=\"termin-date-day\">06<\/div>\n\t    \t\t\t<div class=\"termin-date-month\">Jul<\/div>\n\t    \t\t<\/div>\n\t    \t\t<div class=\"termin-text\">\n\t    \t\t\t<p class=\"termin-text-fulldate\">\n\t\t    \t\t06.07.2026 &#8211; 14.08.2026\t    \t\t\t<\/p>\n\t    \t\t\t<p class=\"heading termin-text-title\">Sommerferien<\/p>\n\t        \t<\/div>\n\t    \t<\/div>\n\t\t<\/li>\n\t\t\t<\/ul>\n\t<p class=\"termineblock-allposts\"><a class=\"hca-button\" href=\"https:\/\/hcandersen.de\/ls\/termine\/\">Alle Termine<\/a><\/p><\/div>\n\n\n<h2 class=\"wp-block-heading\">Neuigkeiten<\/h2>\n\n\n\n<p>An unserer Schule ist immer viel los. Hier sind alle Nachrichten von der Hans-Christian-Andersen Grundschule. Die Sch\u00fcler und Sch\u00fclerinnen schreiben die Nachrichten.<\/p>\n\n\n<div class=\"neuigkeitenblock\">\n\t\t<ul class=\"neuigkeitenlist\">\n\t\t\t<\/ul>\n\t<p class=\"newsblock-allposts\"><a class=\"hca-button\" href=\"https:\/\/hcandersen.de\/ls\/neuigkeiten\/\">Alle Beitr\u00e4ge<\/a><\/p><\/div>","protected":false},"excerpt":{"rendered":"<p>Die Hans-Christian-Andersen Grundschule ist eine Stadtteil-Schule in Sellerhausen. Es gibt 14 Klassen mit 272 Sch\u00fcler und Sch\u00fclerinnen. Die Kinder kommen [&hellip;]<\/p>\n","protected":false},"author":1,"featured_media":95,"parent":0,"menu_order":0,"comment_status":"closed","ping_status":"closed","template":"","meta":{"_acf_changed":false,"footnotes":""},"class_list":["post-1634","page","type-page","status-publish","has-post-thumbnail","hentry"],"acf":[],"_links":{"self":[{"href":"https:\/\/hcandersen.de\/ls\/wp-json\/wp\/v2\/pages\/1634","targetHints":{"allow":["GET"]}}],"collection":[{"href":"https:\/\/hcandersen.de\/ls\/wp-json\/wp\/v2\/pages"}],"about":[{"href":"https:\/\/hcandersen.de\/ls\/wp-json\/wp\/v2\/types\/page"}],"author":[{"embeddable":true,"href":"https:\/\/hcandersen.de\/ls\/wp-json\/wp\/v2\/users\/1"}],"replies":[{"embeddable":true,"href":"https:\/\/hcandersen.de\/ls\/wp-json\/wp\/v2\/comments?post=1634"}],"version-history":[{"count":7,"href":"https:\/\/hcandersen.de\/ls\/wp-json\/wp\/v2\/pages\/1634\/revisions"}],"predecessor-version":[{"id":5866,"href":"https:\/\/hcandersen.de\/ls\/wp-json\/wp\/v2\/pages\/1634\/revisions\/5866"}],"wp:featuredmedia":[{"embeddable":true,"href":"https:\/\/hcandersen.de\/ls\/wp-json\/wp\/v2\/media\/95"}],"wp:attachment":[{"href":"https:\/\/hcandersen.de\/ls\/wp-json\/wp\/v2\/media?parent=1634"}],"curies":[{"name":"wp","href":"https:\/\/api.w.org\/{rel}","templated":true}]}}