{"id":1642,"date":"2022-11-09T10:13:38","date_gmt":"2022-11-09T09:13:38","guid":{"rendered":"https:\/\/hcandersen.de\/fuer-eltern\/"},"modified":"2024-11-21T19:16:22","modified_gmt":"2024-11-21T18:16:22","slug":"fuer-eltern","status":"publish","type":"page","link":"https:\/\/hcandersen.de\/ls\/fuer-eltern\/","title":{"rendered":"F\u00fcr Eltern"},"content":{"rendered":"\n<p>Hier gibt es wichtige Informationen und Neuigkeiten f\u00fcr Eltern.<\/p>\n\n\n<div class=\"termineblock\">\n\t\t<ul class=\"terminelist\">\n\t\t\t\t<li class=\"terminelist-item\">\n\t\t\t<div class=\"termin\" data-category=\"fuer-eltern fuer-kinder\">\n\t    \t\t<div class=\"termin-date\">\n\t    \t\t\t<div class=\"termin-date-day\">28<\/div>\n\t    \t\t\t<div class=\"termin-date-month\">Apr<\/div>\n\t    \t\t<\/div>\n\t    \t\t<div class=\"termin-text\">\n\t    \t\t\t<p class=\"termin-text-fulldate\">\n\t\t    \t\t28.04.2026\t    \t\t\t<\/p>\n\t    \t\t\t<p class=\"heading termin-text-title\">Zooschule 4d<\/p>\n\t        \t<\/div>\n\t    \t<\/div>\n\t\t<\/li>\n\t\t\t\t<li class=\"terminelist-item\">\n\t\t\t<div class=\"termin\" data-category=\"fuer-eltern fuer-kinder\">\n\t    \t\t<div class=\"termin-date\">\n\t    \t\t\t<div class=\"termin-date-day\">01<\/div>\n\t    \t\t\t<div class=\"termin-date-month\">May<\/div>\n\t    \t\t<\/div>\n\t    \t\t<div class=\"termin-text\">\n\t    \t\t\t<p class=\"termin-text-fulldate\">\n\t\t    \t\t01.05.2026\t    \t\t\t<\/p>\n\t    \t\t\t<p class=\"heading termin-text-title\">1. Mai (schulfrei)<\/p>\n\t        \t<\/div>\n\t    \t<\/div>\n\t\t<\/li>\n\t\t\t\t<li class=\"terminelist-item\">\n\t\t\t<div class=\"termin\" data-category=\"fuer-eltern fuer-kinder\">\n\t    \t\t<div class=\"termin-date\">\n\t    \t\t\t<div class=\"termin-date-day\">06<\/div>\n\t    \t\t\t<div class=\"termin-date-month\">May<\/div>\n\t    \t\t<\/div>\n\t    \t\t<div class=\"termin-text\">\n\t    \t\t\t<p class=\"termin-text-fulldate\">\n\t\t    \t\t06.05.2026\t    \t\t\t<\/p>\n\t    \t\t\t<p class=\"heading termin-text-title\">Sch\u00fclerkonzert Klassenstufe 2<\/p>\n\t        \t<\/div>\n\t    \t<\/div>\n\t\t<\/li>\n\t\t\t\t<li class=\"terminelist-item\">\n\t\t\t<div class=\"termin\" data-category=\"fuer-eltern fuer-gaeste fuer-kinder\">\n\t    \t\t<div class=\"termin-date\">\n\t    \t\t\t<div class=\"termin-date-day\">14<\/div>\n\t    \t\t\t<div class=\"termin-date-month\">May<\/div>\n\t    \t\t<\/div>\n\t    \t\t<div class=\"termin-text\">\n\t    \t\t\t<p class=\"termin-text-fulldate\">\n\t\t    \t\t14.05.2026 &#8211; 15.05.2026\t    \t\t\t<\/p>\n\t    \t\t\t<p class=\"heading termin-text-title\">Himmelfahrt (schulfrei)<\/p>\n\t        \t<\/div>\n\t    \t<\/div>\n\t\t<\/li>\n\t\t\t\t<li class=\"terminelist-item\">\n\t\t\t<div class=\"termin\" data-category=\"fuer-eltern fuer-gaeste fuer-kinder\">\n\t    \t\t<div class=\"termin-date\">\n\t    \t\t\t<div class=\"termin-date-day\">25<\/div>\n\t    \t\t\t<div class=\"termin-date-month\">May<\/div>\n\t    \t\t<\/div>\n\t    \t\t<div class=\"termin-text\">\n\t    \t\t\t<p class=\"termin-text-fulldate\">\n\t\t    \t\t25.05.2026\t    \t\t\t<\/p>\n\t    \t\t\t<p class=\"heading termin-text-title\">Pfingsten (schulfrei)<\/p>\n\t        \t<\/div>\n\t    \t<\/div>\n\t\t<\/li>\n\t\t\t<\/ul>\n\t<p class=\"termineblock-allposts\"><a class=\"hca-button\" href=\"https:\/\/hcandersen.de\/ls\/termine\/\">Alle Termine<\/a><\/p><\/div>\n\n\n<h2 class=\"wp-block-heading\">W\u00fcnsche, Sorgen, Probleme?<\/h2>\n\n\n\n<p>Bei wichtigen Fragen und Problemen unterst\u00fctzt der Eltern-Rat. Die Schul-Sozialarbeit hilft Eltern und Kindern bei Problemen.<\/p>\n\n\n\n<div class=\"wp-block-buttons is-layout-flex wp-block-buttons-is-layout-flex\">\n<div class=\"wp-block-button is-style-fill\"><a class=\"wp-block-button__link wp-element-button\" href=\"https:\/\/hcandersen.de\/elternrat\/\">Zum Elternrat<\/a><\/div>\n\n\n\n<div class=\"wp-block-button is-style-fill\"><a class=\"wp-block-button__link wp-element-button\" href=\"https:\/\/hcandersen.de\/schulsozialarbeit\/\">Zur Schulsozialarbeit<\/a><\/div>\n<\/div>\n\n\n\t<div class=\"dateienblock\">\n\t\t<ul class=\"dateien\">\n\t\t\t\t\t\t<li class=\"datei\">\n\t\t\t\t\t\t\t\t<div class=\"datei-icon\">\n\t\t\t\t\t<svg xmlns=\"http:\/\/www.w3.org\/2000\/svg\" class=\"ionicon\" viewBox=\"0 0 512 512\"><title>Thermometer<\/title><path d=\"M307.72 302.27a8 8 0 01-3.72-6.75V80a48 48 0 00-48-48h0a48 48 0 00-48 48v215.52a8 8 0 01-3.71 6.74 97.51 97.51 0 00-44.19 86.07A96 96 0 00352 384a97.49 97.49 0 00-44.28-81.73zM256 112v272\" fill=\"none\" stroke=\"currentColor\" stroke-linecap=\"round\" stroke-miterlimit=\"10\" stroke-width=\"32\"\/><circle fill=\"currentColor\" cx=\"256\" cy=\"384\" r=\"48\"\/><\/svg>\t\t\t\t<\/div>\n\t\t\t\t<div class=\"datei-text\">\n\t\t\t\t\t<p class=\"datei-text-title\">Regeln bei Krankheit<\/p>\n\t\t\t\t\t<p class=\"datei-text-description\">Deutsch, Arabisch, Bulgarisch, Englisch, Farsi, Paschto, Polnisch, Portugiesisch, Russisch, Spanisch<\/p>\n\t\t\t\t\t<p class=\"datei-text-download\"><a class=\"hca-button\" href=\"https:\/\/hcandersen.de\/wp-content\/uploads\/2022\/12\/Umgang_mit_Krankheits-_und_Erkaeltungssymptomen.pdf\">Download<\/a><\/p>\n\t\t\t\t\t\t\t\t\t<\/div>\n\t\t\t<\/li>\n\t\t\t\t\t\t<li class=\"datei\">\n\t\t\t\t\t\t\t\t<div class=\"datei-icon\">\n\t\t\t\t\t<svg xmlns=\"http:\/\/www.w3.org\/2000\/svg\" class=\"ionicon\" viewBox=\"0 0 512 512\"><title>Medkit<\/title><rect x=\"32\" y=\"112\" width=\"448\" height=\"352\" rx=\"48\" ry=\"48\" fill=\"none\" stroke=\"currentColor\" stroke-linejoin=\"round\" stroke-width=\"32\"\/><path d=\"M144 112V80a32 32 0 0132-32h160a32 32 0 0132 32v32M256 208v160M336 288H176\" fill=\"none\" stroke=\"currentColor\" stroke-linecap=\"round\" stroke-linejoin=\"round\" stroke-width=\"32\"\/><\/svg>\t\t\t\t<\/div>\n\t\t\t\t<div class=\"datei-text\">\n\t\t\t\t\t<p class=\"datei-text-title\">Eltern-Information Masern-Schutz-Impfung<\/p>\n\t\t\t\t\t<p class=\"datei-text-description\">Deutsch, T\u00fcrkisch, Spanisch, Rum\u00e4nisch, Persisch, Griechisch, Englisch, Bulgarisch, Arabisch<\/p>\n\t\t\t\t\t<p class=\"datei-text-download\"><a class=\"hca-button\" href=\"https:\/\/hcandersen.de\/wp-content\/uploads\/2022\/12\/Masernschutzgesetz-_Elterninformation-Elterninfo.pdf\">Download<\/a><\/p>\n\t\t\t\t\t\t\t\t\t<\/div>\n\t\t\t<\/li>\n\t\t\t\t\t<\/ul>\n\t<\/div>\n\n\n\n<h2 class=\"wp-block-heading\">Wir arbeiten hier<\/h2>\n\n\n\n<p>An der Hans-Christian-Andersen arbeiten viele Menschen. Die Schule hat ein Kollegium. Das sind die Lehrer und Lehrerinnen. Die Schule hat einen Hort. Im Hort werden die Kinder betreut. Die Schule hat auch eine Assistenz. Sie unterst\u00fctzt bei Lernproblemen. Klicken Sie auf einen roten Punkt f\u00fcr mehr Informationen.<\/p>\n\n\n\n<div class=\"wp-block-buttons is-layout-flex wp-block-buttons-is-layout-flex\">\n<div class=\"wp-block-button is-style-fill\"><a class=\"wp-block-button__link wp-element-button\" href=\"https:\/\/hcandersen.de\/kollegium\/\">Zum Kollegium<\/a><\/div>\n\n\n\n<div class=\"wp-block-button is-style-fill\"><a class=\"wp-block-button__link wp-element-button\" href=\"https:\/\/hcandersen.de\/ls\/der-hort\/\">Zum Hort<\/a><\/div>\n\n\n\n<div class=\"wp-block-button is-style-fill\"><a class=\"wp-block-button__link wp-element-button\" href=\"https:\/\/hcandersen.de\/ls\/assistenz\/\">Zur Assistenz<\/a><\/div>\n<\/div>\n\n\n\n<h2 class=\"wp-block-heading\">Neuigkeiten<\/h2>\n\n\n\n<p>An unserer Schule ist immer viel los. Hier sind alle Nachrichten von der Hans-Christian-Andersen Grundschule.<\/p>\n\n\n<div class=\"neuigkeitenblock\">\n\t\t<ul class=\"neuigkeitenlist\">\n\t\t\t<\/ul>\n\t<p class=\"newsblock-allposts\"><a class=\"hca-button\" href=\"https:\/\/hcandersen.de\/ls\/neuigkeiten\/\">Alle Beitr\u00e4ge<\/a><\/p><\/div>\n\n\n<h2 class=\"wp-block-heading\">Stundenzeiten<\/h2>\n\n\n\n<p>Unsere neuen Zeiten ab 16.10.2023.<\/p>\n\n\n\n<figure class=\"wp-block-table\"><table><thead><tr><th class=\"has-text-align-left\" data-align=\"left\"><\/th><th class=\"has-text-align-left\" data-align=\"left\"><strong>Beginn<\/strong><\/th><th class=\"has-text-align-left\" data-align=\"left\"><strong>Ende<\/strong><\/th><\/tr><\/thead><tbody><tr><td class=\"has-text-align-left\" data-align=\"left\"><strong>Ankommen<\/strong><\/td><td class=\"has-text-align-left\" data-align=\"left\"><strong>07:45 Uhr<\/strong><\/td><td class=\"has-text-align-left\" data-align=\"left\"><strong>07:55 Uhr<\/strong><\/td><\/tr><tr><td class=\"has-text-align-left\" data-align=\"left\">1. und 2. Stunde <br>(Blockunterricht &#8211; Fr\u00fchst\u00fcckspause pers\u00f6nlich)<\/td><td class=\"has-text-align-left\" data-align=\"left\">08:00 Uhr<\/td><td class=\"has-text-align-left\" data-align=\"left\">09:15 Uhr<\/td><\/tr><tr><td class=\"has-text-align-left\" data-align=\"left\">Leseband<\/td><td class=\"has-text-align-left\" data-align=\"left\">09:15 Uhr<\/td><td class=\"has-text-align-left\" data-align=\"left\">09:40 Uhr<\/td><\/tr><tr><td class=\"has-text-align-left\" data-align=\"left\"><strong>Hofpause<\/strong><\/td><td class=\"has-text-align-left\" data-align=\"left\"><strong>09:40 Uhr<\/strong><\/td><td class=\"has-text-align-left\" data-align=\"left\"><strong>10:05 Uhr<\/strong><\/td><\/tr><tr><td class=\"has-text-align-left\" data-align=\"left\">3. Stunde<\/td><td class=\"has-text-align-left\" data-align=\"left\">10:05 Uhr<\/td><td class=\"has-text-align-left\" data-align=\"left\">10:50 Uhr<\/td><\/tr><tr><td class=\"has-text-align-left\" data-align=\"left\">4. Stunde<\/td><td class=\"has-text-align-left\" data-align=\"left\">11:00 Uhr<\/td><td class=\"has-text-align-left\" data-align=\"left\">11:45 Uhr<\/td><\/tr><tr><td class=\"has-text-align-left\" data-align=\"left\"><strong>Hofpause<\/strong><\/td><td class=\"has-text-align-left\" data-align=\"left\"><strong>11:45 Uhr<\/strong><\/td><td class=\"has-text-align-left\" data-align=\"left\"><strong>12:20 Uhr<\/strong><\/td><\/tr><tr><td class=\"has-text-align-left\" data-align=\"left\">5. Stunde<\/td><td class=\"has-text-align-left\" data-align=\"left\">12:20 Uhr<\/td><td class=\"has-text-align-left\" data-align=\"left\">13:05 Uhr<\/td><\/tr><tr><td class=\"has-text-align-left\" data-align=\"left\">6. Stunde<\/td><td class=\"has-text-align-left\" data-align=\"left\">13:15 Uhr<\/td><td class=\"has-text-align-left\" data-align=\"left\">14:00 Uhr<\/td><\/tr><\/tbody><\/table><\/figure>\n\n\n\n<div class=\"wp-block-buttons is-layout-flex wp-block-buttons-is-layout-flex\">\n<div class=\"wp-block-button\"><a class=\"wp-block-button__link wp-element-button\" href=\"https:\/\/hcandersen.de\/ls\/rituale\/\">Infos zum Leseband finden Sie hier<\/a><\/div>\n<\/div>\n\n\n\n<div class=\"wp-block-media-text alignwide is-stacked-on-mobile\"><figure class=\"wp-block-media-text__media\"><img loading=\"lazy\" decoding=\"async\" width=\"1024\" height=\"683\" src=\"https:\/\/hcandersen.de\/wp-content\/uploads\/2022\/11\/markus-spiske-xSjJ5mTeCoE-unsplash-1024x683.jpg\" alt=\"\" class=\"wp-image-307 size-full\" srcset=\"https:\/\/hcandersen.de\/wp-content\/uploads\/2022\/11\/markus-spiske-xSjJ5mTeCoE-unsplash-1024x683.jpg 1024w, https:\/\/hcandersen.de\/wp-content\/uploads\/2022\/11\/markus-spiske-xSjJ5mTeCoE-unsplash-300x200.jpg 300w, https:\/\/hcandersen.de\/wp-content\/uploads\/2022\/11\/markus-spiske-xSjJ5mTeCoE-unsplash-768x512.jpg 768w, https:\/\/hcandersen.de\/wp-content\/uploads\/2022\/11\/markus-spiske-xSjJ5mTeCoE-unsplash-1536x1024.jpg 1536w, https:\/\/hcandersen.de\/wp-content\/uploads\/2022\/11\/markus-spiske-xSjJ5mTeCoE-unsplash-2048x1365.jpg 2048w\" sizes=\"auto, (max-width: 1024px) 100vw, 1024px\" \/><\/figure><div class=\"wp-block-media-text__content\">\n<h2 class=\"wp-block-heading\">Essensanbieter<\/h2>\n\n\n\n<p>An der Schule gibt es Mittagessen. Die Firma GfB Catering GmbH bietet das Essen an. Auf dieser Seite sind alle wichtigen Informationen. Hier kann man sich auch f\u00fcr das Essen anmelden.<\/p>\n\n\n\n<div class=\"wp-block-buttons is-layout-flex wp-block-buttons-is-layout-flex\">\n<div class=\"wp-block-button is-style-fill\"><a class=\"wp-block-button__link wp-element-button\" href=\"https:\/\/hcandersen.de\/ls\/essensanbieter\/\">Zum Essensanbieter<\/a><\/div>\n<\/div>\n<\/div><\/div>\n","protected":false},"excerpt":{"rendered":"<p>Hier gibt es wichtige Informationen und Neuigkeiten f\u00fcr Eltern. W\u00fcnsche, Sorgen, Probleme? Bei wichtigen Fragen und Problemen unterst\u00fctzt der Eltern-Rat. [&hellip;]<\/p>\n","protected":false},"author":1,"featured_media":0,"parent":0,"menu_order":0,"comment_status":"closed","ping_status":"closed","template":"","meta":{"_acf_changed":false,"footnotes":""},"class_list":["post-1642","page","type-page","status-publish","hentry"],"acf":[],"_links":{"self":[{"href":"https:\/\/hcandersen.de\/ls\/wp-json\/wp\/v2\/pages\/1642","targetHints":{"allow":["GET"]}}],"collection":[{"href":"https:\/\/hcandersen.de\/ls\/wp-json\/wp\/v2\/pages"}],"about":[{"href":"https:\/\/hcandersen.de\/ls\/wp-json\/wp\/v2\/types\/page"}],"author":[{"embeddable":true,"href":"https:\/\/hcandersen.de\/ls\/wp-json\/wp\/v2\/users\/1"}],"replies":[{"embeddable":true,"href":"https:\/\/hcandersen.de\/ls\/wp-json\/wp\/v2\/comments?post=1642"}],"version-history":[{"count":6,"href":"https:\/\/hcandersen.de\/ls\/wp-json\/wp\/v2\/pages\/1642\/revisions"}],"predecessor-version":[{"id":5095,"href":"https:\/\/hcandersen.de\/ls\/wp-json\/wp\/v2\/pages\/1642\/revisions\/5095"}],"wp:attachment":[{"href":"https:\/\/hcandersen.de\/ls\/wp-json\/wp\/v2\/media?parent=1642"}],"curies":[{"name":"wp","href":"https:\/\/api.w.org\/{rel}","templated":true}]}}