{"id":1647,"date":"2022-11-09T10:20:26","date_gmt":"2022-11-09T09:20:26","guid":{"rendered":"https:\/\/hcandersen.de\/elternrat\/"},"modified":"2023-11-23T17:16:35","modified_gmt":"2023-11-23T16:16:35","slug":"elternrat","status":"publish","type":"page","link":"https:\/\/hcandersen.de\/ls\/elternrat\/","title":{"rendered":"Elternrat"},"content":{"rendered":"\n<p>Der Elternrat hilft bei Fragen und Problemen. Die Eltern k\u00f6nnen auch \u00fcber anderes sprechen. Zum Beispiel: W\u00fcnsche oder Ideen f\u00fcr eine bessere Schule.<\/p>\n\n<p>Haben Sie Ideen oder W\u00fcnsche f\u00fcr unsere Schule? Alle Eltern sind willkommen. Sie k\u00f6nnen sich einfach beim Elternrat melden.<\/p>\n\n<p>Steffen Zander und Hannes Welk<\/p>\n\t<div class=\"personenblock\">\n\t\t<ul class=\"personen\">\n\t\t\t\t\t\t<li class=\"person\">\n\t\t\t\t<div class=\"person-image\">\n\t\t\t\t\t<img loading=\"lazy\" decoding=\"async\" width=\"300\" height=\"300\" src=\"https:\/\/hcandersen.de\/wp-content\/uploads\/2022\/11\/foerderverein-steffen-1-300x300.jpg\" class=\"attachment-medium size-medium\" alt=\"\" srcset=\"https:\/\/hcandersen.de\/wp-content\/uploads\/2022\/11\/foerderverein-steffen-1-300x300.jpg 300w, https:\/\/hcandersen.de\/wp-content\/uploads\/2022\/11\/foerderverein-steffen-1-1024x1024.jpg 1024w, https:\/\/hcandersen.de\/wp-content\/uploads\/2022\/11\/foerderverein-steffen-1-150x150.jpg 150w, https:\/\/hcandersen.de\/wp-content\/uploads\/2022\/11\/foerderverein-steffen-1-768x768.jpg 768w, https:\/\/hcandersen.de\/wp-content\/uploads\/2022\/11\/foerderverein-steffen-1-1536x1536.jpg 1536w, https:\/\/hcandersen.de\/wp-content\/uploads\/2022\/11\/foerderverein-steffen-1.jpg 1692w\" sizes=\"auto, (max-width: 300px) 100vw, 300px\" \/>\t\t\t\t<\/div>\n\t\t\t\t<div class=\"person-text\">\n\t\t\t\t\t<p class=\"person-text-name\">Steffen Zander<\/p>\n\t\t\t\t\t<p class=\"person-text-subtitle\">Vorsitzender<\/p>\n\t\t\t\t\t<p class=\"person-text-email\"><a class=\"hca-button\" href=\"mailto:elternrat@hcandersen.de\">E-Mail<\/a><\/p>\t\t\t\t<\/div>\n\t\t\t<\/li>\n\t\t\t\t\t\t<li class=\"person\">\n\t\t\t\t<div class=\"person-image\">\n\t\t\t\t\t<img loading=\"lazy\" decoding=\"async\" width=\"300\" height=\"300\" src=\"https:\/\/hcandersen.de\/wp-content\/uploads\/2022\/11\/foerderverein-hannes-300x300.jpg\" class=\"attachment-medium size-medium\" alt=\"\" srcset=\"https:\/\/hcandersen.de\/wp-content\/uploads\/2022\/11\/foerderverein-hannes-300x300.jpg 300w, https:\/\/hcandersen.de\/wp-content\/uploads\/2022\/11\/foerderverein-hannes-1024x1024.jpg 1024w, https:\/\/hcandersen.de\/wp-content\/uploads\/2022\/11\/foerderverein-hannes-150x150.jpg 150w, https:\/\/hcandersen.de\/wp-content\/uploads\/2022\/11\/foerderverein-hannes-768x768.jpg 768w, https:\/\/hcandersen.de\/wp-content\/uploads\/2022\/11\/foerderverein-hannes-1536x1536.jpg 1536w, https:\/\/hcandersen.de\/wp-content\/uploads\/2022\/11\/foerderverein-hannes.jpg 2018w\" sizes=\"auto, (max-width: 300px) 100vw, 300px\" \/>\t\t\t\t<\/div>\n\t\t\t\t<div class=\"person-text\">\n\t\t\t\t\t<p class=\"person-text-name\">Hannes Welk<\/p>\n\t\t\t\t\t<p class=\"person-text-subtitle\">stellv. Vorsitzender<\/p>\n\t\t\t\t\t<p class=\"person-text-email\"><a class=\"hca-button\" href=\"mailto:elternrat@hcandersen.de\">E-Mail<\/a><\/p>\t\t\t\t<\/div>\n\t\t\t<\/li>\n\t\t\t\t\t<\/ul>\n\t<\/div>\n","protected":false},"excerpt":{"rendered":"<p>Der Elternrat hilft bei Fragen und Problemen. Die Eltern k\u00f6nnen auch \u00fcber anderes sprechen. Zum Beispiel: W\u00fcnsche oder Ideen f\u00fcr [&hellip;]<\/p>\n","protected":false},"author":1,"featured_media":0,"parent":0,"menu_order":0,"comment_status":"closed","ping_status":"closed","template":"","meta":{"_acf_changed":false,"footnotes":""},"class_list":["post-1647","page","type-page","status-publish","hentry"],"acf":[],"_links":{"self":[{"href":"https:\/\/hcandersen.de\/ls\/wp-json\/wp\/v2\/pages\/1647","targetHints":{"allow":["GET"]}}],"collection":[{"href":"https:\/\/hcandersen.de\/ls\/wp-json\/wp\/v2\/pages"}],"about":[{"href":"https:\/\/hcandersen.de\/ls\/wp-json\/wp\/v2\/types\/page"}],"author":[{"embeddable":true,"href":"https:\/\/hcandersen.de\/ls\/wp-json\/wp\/v2\/users\/1"}],"replies":[{"embeddable":true,"href":"https:\/\/hcandersen.de\/ls\/wp-json\/wp\/v2\/comments?post=1647"}],"version-history":[{"count":5,"href":"https:\/\/hcandersen.de\/ls\/wp-json\/wp\/v2\/pages\/1647\/revisions"}],"predecessor-version":[{"id":3561,"href":"https:\/\/hcandersen.de\/ls\/wp-json\/wp\/v2\/pages\/1647\/revisions\/3561"}],"wp:attachment":[{"href":"https:\/\/hcandersen.de\/ls\/wp-json\/wp\/v2\/media?parent=1647"}],"curies":[{"name":"wp","href":"https:\/\/api.w.org\/{rel}","templated":true}]}}