{"id":1651,"date":"2022-11-09T10:24:33","date_gmt":"2022-11-09T09:24:33","guid":{"rendered":"https:\/\/hcandersen.de\/rituale\/"},"modified":"2025-09-25T22:24:44","modified_gmt":"2025-09-25T20:24:44","slug":"rituale","status":"publish","type":"page","link":"https:\/\/hcandersen.de\/ls\/rituale\/","title":{"rendered":"Rituale"},"content":{"rendered":"\n<div class=\"wp-block-media-text alignwide is-stacked-on-mobile is-vertically-aligned-top is-image-fill-element\" style=\"grid-template-columns:33% auto\"><figure class=\"wp-block-media-text__media\"><a href=\"https:\/\/hcandersen.de\/wp-content\/uploads\/2022\/12\/nick-karvounis-PHh10mo3KZk-unsplash-scaled.jpg\"><img loading=\"lazy\" decoding=\"async\" width=\"1024\" height=\"683\" src=\"https:\/\/hcandersen.de\/wp-content\/uploads\/2022\/12\/nick-karvounis-PHh10mo3KZk-unsplash-1024x683.jpg\" alt=\"\" class=\"wp-image-605 size-medium\" style=\"object-position:50% 50%\" srcset=\"https:\/\/hcandersen.de\/wp-content\/uploads\/2022\/12\/nick-karvounis-PHh10mo3KZk-unsplash-1024x683.jpg 1024w, https:\/\/hcandersen.de\/wp-content\/uploads\/2022\/12\/nick-karvounis-PHh10mo3KZk-unsplash-300x200.jpg 300w, https:\/\/hcandersen.de\/wp-content\/uploads\/2022\/12\/nick-karvounis-PHh10mo3KZk-unsplash-768x512.jpg 768w, https:\/\/hcandersen.de\/wp-content\/uploads\/2022\/12\/nick-karvounis-PHh10mo3KZk-unsplash-1536x1024.jpg 1536w, https:\/\/hcandersen.de\/wp-content\/uploads\/2022\/12\/nick-karvounis-PHh10mo3KZk-unsplash-2048x1365.jpg 2048w\" sizes=\"auto, (max-width: 1024px) 100vw, 1024px\" \/><\/a><\/figure><div class=\"wp-block-media-text__content\">\n<h3 class=\"wp-block-heading\"><strong>Hans-Christian-Andersen-Tag<\/strong><\/h3>\n\n\n\n<p>Unsere Schule hat ihren Namen von Hans Christian Andersen. Er war ein Autor. Er hat Kinderb\u00fccher geschrieben. Der 2. April ist der Geburtstag von <strong>Hans Christian Andersen<\/strong>. Es ist auch der <strong>Internationale Kinder-Buchtag<\/strong>. F\u00fcr unsere Schule ist der 2. April ein besonderer Tag. Wir machen einen Projekt-Tag. <\/p>\n\n\n\n<p>Wir lernen alles \u00fcber Hans Christian Andersen, sein Heimatland D\u00e4nemark und seine M\u00e4rchen-Geschichten.<\/p>\n<\/div><\/div>\n\n\n\n<div class=\"wp-block-media-text alignwide has-media-on-the-right is-stacked-on-mobile is-vertically-aligned-center\" style=\"grid-template-columns:auto 35%\"><div class=\"wp-block-media-text__content\">\n<h3 class=\"wp-block-heading\"><strong>Unsere Schule als Adventskalender<\/strong><\/h3>\n\n\n\n<p>Im Dezember ist die Schule ein gro\u00dfer Adventskalender. An den Fenstern kleben Zahlen von 1 bis 24. Jeden Tag macht eine Klasse ein sch\u00f6nes Fenster mit Bildern und Licht. Am Morgen leuchtet das Fenster.<\/p>\n<\/div><figure class=\"wp-block-media-text__media\"><a href=\"https:\/\/hcandersen.de\/wp-content\/uploads\/2022\/12\/IMG_20181129_073940949-scaled.jpg\"><img loading=\"lazy\" decoding=\"async\" width=\"1024\" height=\"768\" src=\"https:\/\/hcandersen.de\/wp-content\/uploads\/2022\/12\/IMG_20181129_073940949-1024x768.jpg\" alt=\"\" class=\"wp-image-535 size-full\" srcset=\"https:\/\/hcandersen.de\/wp-content\/uploads\/2022\/12\/IMG_20181129_073940949-1024x768.jpg 1024w, https:\/\/hcandersen.de\/wp-content\/uploads\/2022\/12\/IMG_20181129_073940949-300x225.jpg 300w, https:\/\/hcandersen.de\/wp-content\/uploads\/2022\/12\/IMG_20181129_073940949-768x576.jpg 768w, https:\/\/hcandersen.de\/wp-content\/uploads\/2022\/12\/IMG_20181129_073940949-1536x1152.jpg 1536w, https:\/\/hcandersen.de\/wp-content\/uploads\/2022\/12\/IMG_20181129_073940949-2048x1536.jpg 2048w\" sizes=\"auto, (max-width: 1024px) 100vw, 1024px\" \/><\/a><\/figure><\/div>\n\n\n\n<div class=\"wp-block-media-text is-stacked-on-mobile\" style=\"grid-template-columns:34% auto\"><figure class=\"wp-block-media-text__media\"><img loading=\"lazy\" decoding=\"async\" width=\"800\" height=\"600\" src=\"https:\/\/hcandersen.de\/wp-content\/uploads\/2022\/12\/csm_PXL_20210119_112330290.MP_d3343753a6.jpg\" alt=\"\" class=\"wp-image-692 size-full\" srcset=\"https:\/\/hcandersen.de\/wp-content\/uploads\/2022\/12\/csm_PXL_20210119_112330290.MP_d3343753a6.jpg 800w, https:\/\/hcandersen.de\/wp-content\/uploads\/2022\/12\/csm_PXL_20210119_112330290.MP_d3343753a6-300x225.jpg 300w, https:\/\/hcandersen.de\/wp-content\/uploads\/2022\/12\/csm_PXL_20210119_112330290.MP_d3343753a6-768x576.jpg 768w\" sizes=\"auto, (max-width: 800px) 100vw, 800px\" \/><\/figure><div class=\"wp-block-media-text__content\">\n<h3 class=\"wp-block-heading\">Unser Leseband<\/h3>\n\n\n\n<p>In den letzten Jahren haben Tests gezeigt, dass unsere Sch\u00fcler*innen beim Lesen nicht so gut sind. Wir wollen, dass alle Kinder besser lesen lernen. So sind sie gut vorbereitet f\u00fcr die weiterf\u00fchrende Schule.<\/p>\n\n\n\n<p>Seit dem Schuljahr 2023\/24 haben wir jeden Tag eine Lesezeit. Sie ist von 9:15 Uhr bis 9:40 Uhr. Alle Klassen lesen dann.<\/p>\n\n\n\n<p>Die Kinder lesen laut. Sie lesen zusammen oder h\u00f6ren H\u00f6rb\u00fccher. Auch das Vorlesen ist wichtig.<\/p>\n\n\n\n<p>Wir haben von der Grundschule Kirchdorf viel \u00fcber das Lesen gelernt. Weitere Informationen gibt es hier:<\/p>\n\n\n\n<div class=\"wp-block-buttons is-layout-flex wp-block-buttons-is-layout-flex\">\n<div class=\"wp-block-button\"><a class=\"wp-block-button__link wp-element-button\" href=\"https:\/\/www.youtube.com\/@dasleseband133\">Leseband Grundschule Kirchdorf<\/a><\/div>\n<\/div>\n<\/div><\/div>\n\n\n\n<div class=\"wp-block-media-text has-media-on-the-right is-stacked-on-mobile\" style=\"grid-template-columns:auto 39%\"><div class=\"wp-block-media-text__content\">\n<h3 class=\"wp-block-heading\">Vorlesetag<\/h3>\n\n\n\n<p>Jedes Jahr, Mitte November, ist der Vorlesetag in ganz Deutschland. Unsere Schule macht seit einigen Jahren mit. An diesem Tag wird in jeder Klasse vorgelesen. Die Lehrerin oder der Lehrer liest vor, die Kinder lesen vor oder auch die Eltern. Manchmal gehen wir auch zu Lesungen von Kinderbuchautor*innen.<\/p>\n\n\n\n<p>Bildquelle: <a href=\"https:\/\/www.vorlesetag.de\/fileadmin\/user_upload\/Logo_Plakate\/bundesweiter_vorlesetag.png\">https:\/\/www.vorlesetag.de\/fileadmin\/user_upload\/Logo_Plakate\/bundesweiter_vorlesetag.png<\/a><\/p>\n\n\n\n<div class=\"wp-block-buttons is-layout-flex wp-block-buttons-is-layout-flex\">\n<div class=\"wp-block-button\"><a class=\"wp-block-button__link wp-element-button\" href=\"https:\/\/www.vorlesetag.de\/\">Vorlesetag<\/a><\/div>\n<\/div>\n<\/div><figure class=\"wp-block-media-text__media\"><img loading=\"lazy\" decoding=\"async\" width=\"1024\" height=\"806\" src=\"https:\/\/hcandersen.de\/wp-content\/uploads\/2024\/11\/bundesweiter_vorlesetag-1024x806.png\" alt=\"\" class=\"wp-image-5006 size-full\" srcset=\"https:\/\/hcandersen.de\/wp-content\/uploads\/2024\/11\/bundesweiter_vorlesetag-1024x806.png 1024w, https:\/\/hcandersen.de\/wp-content\/uploads\/2024\/11\/bundesweiter_vorlesetag-300x236.png 300w, https:\/\/hcandersen.de\/wp-content\/uploads\/2024\/11\/bundesweiter_vorlesetag-768x605.png 768w, https:\/\/hcandersen.de\/wp-content\/uploads\/2024\/11\/bundesweiter_vorlesetag-1536x1209.png 1536w, https:\/\/hcandersen.de\/wp-content\/uploads\/2024\/11\/bundesweiter_vorlesetag-2048x1613.png 2048w\" sizes=\"auto, (max-width: 1024px) 100vw, 1024px\" \/><\/figure><\/div>\n\n\n\n<p><\/p>\n","protected":false},"excerpt":{"rendered":"<p>Hans-Christian-Andersen-Tag Unsere Schule hat ihren Namen von Hans Christian Andersen. Er war ein Autor. Er hat Kinderb\u00fccher geschrieben. Der 2. [&hellip;]<\/p>\n","protected":false},"author":1,"featured_media":101,"parent":0,"menu_order":0,"comment_status":"closed","ping_status":"closed","template":"","meta":{"_acf_changed":false,"footnotes":""},"class_list":["post-1651","page","type-page","status-publish","has-post-thumbnail","hentry"],"acf":[],"_links":{"self":[{"href":"https:\/\/hcandersen.de\/ls\/wp-json\/wp\/v2\/pages\/1651","targetHints":{"allow":["GET"]}}],"collection":[{"href":"https:\/\/hcandersen.de\/ls\/wp-json\/wp\/v2\/pages"}],"about":[{"href":"https:\/\/hcandersen.de\/ls\/wp-json\/wp\/v2\/types\/page"}],"author":[{"embeddable":true,"href":"https:\/\/hcandersen.de\/ls\/wp-json\/wp\/v2\/users\/1"}],"replies":[{"embeddable":true,"href":"https:\/\/hcandersen.de\/ls\/wp-json\/wp\/v2\/comments?post=1651"}],"version-history":[{"count":10,"href":"https:\/\/hcandersen.de\/ls\/wp-json\/wp\/v2\/pages\/1651\/revisions"}],"predecessor-version":[{"id":5861,"href":"https:\/\/hcandersen.de\/ls\/wp-json\/wp\/v2\/pages\/1651\/revisions\/5861"}],"wp:featuredmedia":[{"embeddable":true,"href":"https:\/\/hcandersen.de\/ls\/wp-json\/wp\/v2\/media\/101"}],"wp:attachment":[{"href":"https:\/\/hcandersen.de\/ls\/wp-json\/wp\/v2\/media?parent=1651"}],"curies":[{"name":"wp","href":"https:\/\/api.w.org\/{rel}","templated":true}]}}