{"id":1655,"date":"2022-11-09T10:58:22","date_gmt":"2022-11-09T09:58:22","guid":{"rendered":"https:\/\/hcandersen.de\/sonstiges\/"},"modified":"2023-01-16T09:18:33","modified_gmt":"2023-01-16T08:18:33","slug":"sonstiges","status":"publish","type":"page","link":"https:\/\/hcandersen.de\/ls\/sonstiges\/","title":{"rendered":"Sonstiges"},"content":{"rendered":"\n<p>Hier gibt es Informationen zu Hausordnung, Datenschutz und Impressum. Nicht alle Informationen sind in Leichter Sprache.<\/p>\n\n<h2 class=\"wp-block-heading\">Hausordnung<\/h2>\n\n<p>Die \u00f6ffentlichen Schulen sollen ein guter Lern-Ort f\u00fcr alle sein. Die Eltern und die Sch\u00fcler und Sch\u00fclerinnen m\u00fcssen das unterst\u00fctzen. Deshalb gibt es eine Schul- und Haus-Ordnung. Das sind Regeln zum Verhalten in der Schule. Die Regeln sind aus dem Schul-Gesetz vom Land Sachsen.<\/p>\n\n<div class=\"wp-block-buttons is-layout-flex wp-block-buttons-is-layout-flex\">\n<div class=\"wp-block-button is-style-fill\"><a class=\"wp-block-button__link wp-element-button\" href=\"https:\/\/hcandersen.de\/hausordnung\/\">Zur Hausordnung<\/a><\/div>\n<\/div>\n\n<h2 class=\"wp-block-heading\">Impressum und Datenschutz<\/h2>\n\n<p>Hier gibt es Informationen \u00fcber den Datenschutz. Das hei\u00dft: welche Informationen speichert die Internetseite. Es gibt auch eine Kontakt-Adresse. Die Datenschutz-Erkl\u00e4rung ist nicht in Leichter Sprache.<\/p>\n\n<div class=\"wp-block-buttons is-layout-flex wp-block-buttons-is-layout-flex\">\n<div class=\"wp-block-button is-style-fill\"><a class=\"wp-block-button__link wp-element-button\" href=\"https:\/\/hcandersen.de\/ls\/impressum\/\">Impressum<\/a><\/div>\n\n\n\n<div class=\"wp-block-button is-style-fill\"><a class=\"wp-block-button__link wp-element-button\" href=\"https:\/\/hcandersen.de\/privacy-policy\/\">Datenschutz<\/a><\/div>\n<\/div>\n","protected":false},"excerpt":{"rendered":"<p>Hier gibt es Informationen zu Hausordnung, Datenschutz und Impressum. Nicht alle Informationen sind in Leichter Sprache. Hausordnung Die \u00f6ffentlichen Schulen [&hellip;]<\/p>\n","protected":false},"author":1,"featured_media":99,"parent":0,"menu_order":0,"comment_status":"closed","ping_status":"closed","template":"","meta":{"_acf_changed":false,"footnotes":""},"class_list":["post-1655","page","type-page","status-publish","has-post-thumbnail","hentry"],"acf":[],"_links":{"self":[{"href":"https:\/\/hcandersen.de\/ls\/wp-json\/wp\/v2\/pages\/1655","targetHints":{"allow":["GET"]}}],"collection":[{"href":"https:\/\/hcandersen.de\/ls\/wp-json\/wp\/v2\/pages"}],"about":[{"href":"https:\/\/hcandersen.de\/ls\/wp-json\/wp\/v2\/types\/page"}],"author":[{"embeddable":true,"href":"https:\/\/hcandersen.de\/ls\/wp-json\/wp\/v2\/users\/1"}],"replies":[{"embeddable":true,"href":"https:\/\/hcandersen.de\/ls\/wp-json\/wp\/v2\/comments?post=1655"}],"version-history":[{"count":5,"href":"https:\/\/hcandersen.de\/ls\/wp-json\/wp\/v2\/pages\/1655\/revisions"}],"predecessor-version":[{"id":1721,"href":"https:\/\/hcandersen.de\/ls\/wp-json\/wp\/v2\/pages\/1655\/revisions\/1721"}],"wp:featuredmedia":[{"embeddable":true,"href":"https:\/\/hcandersen.de\/ls\/wp-json\/wp\/v2\/media\/99"}],"wp:attachment":[{"href":"https:\/\/hcandersen.de\/ls\/wp-json\/wp\/v2\/media?parent=1655"}],"curies":[{"name":"wp","href":"https:\/\/api.w.org\/{rel}","templated":true}]}}