{"id":1669,"date":"2022-11-09T10:14:01","date_gmt":"2022-11-09T09:14:01","guid":{"rendered":"https:\/\/hcandersen.de\/foerderverein\/"},"modified":"2023-01-16T09:15:48","modified_gmt":"2023-01-16T08:15:48","slug":"foerderverein","status":"publish","type":"page","link":"https:\/\/hcandersen.de\/ls\/foerderverein\/","title":{"rendered":"F\u00f6rderverein"},"content":{"rendered":"\n<p><strong>Der F\u00f6rder-Verein unterst\u00fctzt die Hans-Christian-Andersen Grundschule. Zum Beispiel mit neuen Ger\u00e4ten, Musik-Kursen und anderen Projekten.<\/strong> Der F\u00f6rder-Verein ist offen f\u00fcr alle Eltern, Lehrer und Lehrerinnen. Sie arbeiten zusammen mit der Schulleitung. Die Kinder sollen sich wohlf\u00fchlen an der Schule. Sie sollen gut lernen k\u00f6nnen. Damit alle Kinder eine gute Chance haben.<\/p>\n\n<p>Darum macht der F\u00f6rder-Verein viel f\u00fcr die Schule. Wir m\u00f6chten gerne noch mehr Projekte machen. Zum Beispiel: Neue Pflanzen und ein Kr\u00e4uter-Garten f\u00fcr den Schulhof. Digitales Lern-Material. Kurse f\u00fcr Kinder zum Thema Mobbing und Rassismus. Kultur-Projekte und Umweltschutz-Projekte.<\/p>\n\n<p>Wir wollen auch neue Ganz-Tags-Angebote machen. Zum Beispiel mit dem Leipziger Verein Zirkomania e.V. Der F\u00f6rder-Verein sammelt Geld f\u00fcr die Projekte. Wollen Sie uns helfen? <strong>Sie <a href=\"https:\/\/hcandersen.de\/download\/mitgliedsantrag.pdf\">k\u00f6nnen als F\u00f6rdermitglied<\/a> mitmachen oder einmalig Geld spenden.<\/strong><\/p>\n\n<p><\/p>\n\t<div class=\"dateienblock\">\n\t\t<ul class=\"dateien\">\n\t\t\t\t\t\t<li class=\"datei\">\n\t\t\t\t\t\t\t\t<div class=\"datei-icon\">\n\t\t\t\t\t<svg xmlns=\"http:\/\/www.w3.org\/2000\/svg\" class=\"ionicon\" viewBox=\"0 0 512 512\"><title>Thumbs Up<\/title><path d=\"M320 458.16S304 464 256 464s-74-16-96-32H96a64 64 0 01-64-64v-48a64 64 0 0164-64h30a32.34 32.34 0 0027.37-15.4S162 221.81 188 176.78 264 64 272 48c29 0 43 22 34 47.71-10.28 29.39-23.71 54.38-27.46 87.09-.54 4.78 3.14 12 7.95 12L416 205\" fill=\"none\" stroke=\"currentColor\" stroke-linecap=\"round\" stroke-linejoin=\"round\" stroke-width=\"32\"\/><path d=\"M416 271l-80-2c-20-1.84-32-12.4-32-30h0c0-17.6 14-28.84 32-30l80-4c17.6 0 32 16.4 32 34v.17A32 32 0 01416 271zM448 336l-112-2c-18-.84-32-12.41-32-30h0c0-17.61 14-28.86 32-30l112-2a32.1 32.1 0 0132 32h0a32.1 32.1 0 01-32 32zM400 464l-64-3c-21-1.84-32-11.4-32-29h0c0-17.6 14.4-30 32-30l64-2a32.09 32.09 0 0132 32h0a32.09 32.09 0 01-32 32zM432 400l-96-2c-19-.84-32-12.4-32-30h0c0-17.6 13-28.84 32-30l96-2a32.09 32.09 0 0132 32h0a32.09 32.09 0 01-32 32z\" fill=\"none\" stroke=\"currentColor\" stroke-miterlimit=\"10\" stroke-width=\"32\"\/><\/svg>\t\t\t\t<\/div>\n\t\t\t\t<div class=\"datei-text\">\n\t\t\t\t\t<p class=\"datei-text-title\">Mitglieds-Antrag<\/p>\n\t\t\t\t\t<p class=\"datei-text-description\">Hier gibt es den Antrag zum Mitmachen im F\u00f6rderverein!<\/p>\n\t\t\t\t\t<p class=\"datei-text-download\"><a class=\"hca-button\" href=\"https:\/\/hcandersen.de\/wp-content\/uploads\/2022\/12\/HCA_FV_Mitgliedsantrag.pdf\">Download<\/a><\/p>\n\t\t\t\t\t\t\t\t\t<\/div>\n\t\t\t<\/li>\n\t\t\t\t\t\t<li class=\"datei\">\n\t\t\t\t\t\t\t\t<div class=\"datei-icon\">\n\t\t\t\t\t<svg xmlns=\"http:\/\/www.w3.org\/2000\/svg\" class=\"ionicon\" viewBox=\"0 0 512 512\"><title>Chatbubbles<\/title><path d=\"M431 320.6c-1-3.6 1.2-8.6 3.3-12.2a33.68 33.68 0 012.1-3.1A162 162 0 00464 215c.3-92.2-77.5-167-173.7-167-83.9 0-153.9 57.1-170.3 132.9a160.7 160.7 0 00-3.7 34.2c0 92.3 74.8 169.1 171 169.1 15.3 0 35.9-4.6 47.2-7.7s22.5-7.2 25.4-8.3a26.44 26.44 0 019.3-1.7 26 26 0 0110.1 2l56.7 20.1a13.52 13.52 0 003.9 1 8 8 0 008-8 12.85 12.85 0 00-.5-2.7z\" fill=\"none\" stroke=\"currentColor\" stroke-linecap=\"round\" stroke-miterlimit=\"10\" stroke-width=\"32\"\/><path d=\"M66.46 232a146.23 146.23 0 006.39 152.67c2.31 3.49 3.61 6.19 3.21 8s-11.93 61.87-11.93 61.87a8 8 0 002.71 7.68A8.17 8.17 0 0072 464a7.26 7.26 0 002.91-.6l56.21-22a15.7 15.7 0 0112 .2c18.94 7.38 39.88 12 60.83 12A159.21 159.21 0 00284 432.11\" fill=\"none\" stroke=\"currentColor\" stroke-linecap=\"round\" stroke-miterlimit=\"10\" stroke-width=\"32\"\/><\/svg>\t\t\t\t<\/div>\n\t\t\t\t<div class=\"datei-text\">\n\t\t\t\t\t<p class=\"datei-text-title\">Flyer<\/p>\n\t\t\t\t\t<p class=\"datei-text-description\">Alle Informationen in Deutsch, T\u00fcrkisch und Arabisch<\/p>\n\t\t\t\t\t<p class=\"datei-text-download\"><a class=\"hca-button\" href=\"https:\/\/hcandersen.de\/wp-content\/uploads\/2022\/12\/HCA_Flyer_2022.pdf\">Download<\/a><\/p>\n\t\t\t\t\t\t\t\t\t<\/div>\n\t\t\t<\/li>\n\t\t\t\t\t\t<li class=\"datei\">\n\t\t\t\t\t\t\t\t<div class=\"datei-icon\">\n\t\t\t\t\t<svg xmlns=\"http:\/\/www.w3.org\/2000\/svg\" class=\"ionicon\" viewBox=\"0 0 512 512\"><title>Receipt<\/title><path fill=\"none\" stroke=\"currentColor\" stroke-linejoin=\"round\" stroke-width=\"32\" d=\"M160 336V48l32 16 32-16 31.94 16 32.37-16L320 64l31.79-16 31.93 16L416 48l32.01 16L480 48v224\"\/><path d=\"M480 272v112a80 80 0 01-80 80h0a80 80 0 01-80-80v-48H48a15.86 15.86 0 00-16 16c0 64 6.74 112 80 112h288\" fill=\"none\" stroke=\"currentColor\" stroke-linejoin=\"round\" stroke-width=\"32\"\/><path fill=\"none\" stroke=\"currentColor\" stroke-linecap=\"round\" stroke-linejoin=\"round\" stroke-width=\"32\" d=\"M224 144h192M288 224h128\"\/><\/svg>\t\t\t\t<\/div>\n\t\t\t\t<div class=\"datei-text\">\n\t\t\t\t\t<p class=\"datei-text-title\">Satzung<\/p>\n\t\t\t\t\t<p class=\"datei-text-description\">Die Satzung des F\u00f6rdervereins, Stand 01. Juli 2021<\/p>\n\t\t\t\t\t<p class=\"datei-text-download\"><a class=\"hca-button\" href=\"https:\/\/hcandersen.de\/wp-content\/uploads\/2022\/12\/HCA_FV_Satzung.pdf\">Download<\/a><\/p>\n\t\t\t\t\t\t\t\t\t<\/div>\n\t\t\t<\/li>\n\t\t\t\t\t<\/ul>\n\t<\/div>\n\n<p>Wir haben viele Ideen und freuen uns \u00fcber alle die mitmachen wollen. Sie haben Fragen, Ideen oder wollen mitmachen? Sie k\u00f6nnen sich gerne bei uns melden. Wir freuen uns auf Sie!<\/p>\n\n<p><strong>Spendenkonto:<\/strong><br\/>IBAN: DE73 8306 5408 0005 2259 65<br\/>BIC: GENO DEF1 SLR<br\/>Deutsche Skatbank, Schm\u00f6lln<\/p>\n\t<div class=\"personenblock\">\n\t\t<ul class=\"personen\">\n\t\t\t\t\t\t<li class=\"person\">\n\t\t\t\t<div class=\"person-image\">\n\t\t\t\t\t<img loading=\"lazy\" decoding=\"async\" width=\"300\" height=\"300\" src=\"https:\/\/hcandersen.de\/wp-content\/uploads\/2022\/11\/foerderverein-hannes-300x300.jpg\" class=\"attachment-medium size-medium\" alt=\"\" srcset=\"https:\/\/hcandersen.de\/wp-content\/uploads\/2022\/11\/foerderverein-hannes-300x300.jpg 300w, https:\/\/hcandersen.de\/wp-content\/uploads\/2022\/11\/foerderverein-hannes-1024x1024.jpg 1024w, https:\/\/hcandersen.de\/wp-content\/uploads\/2022\/11\/foerderverein-hannes-150x150.jpg 150w, https:\/\/hcandersen.de\/wp-content\/uploads\/2022\/11\/foerderverein-hannes-768x768.jpg 768w, https:\/\/hcandersen.de\/wp-content\/uploads\/2022\/11\/foerderverein-hannes-1536x1536.jpg 1536w, https:\/\/hcandersen.de\/wp-content\/uploads\/2022\/11\/foerderverein-hannes.jpg 2018w\" sizes=\"auto, (max-width: 300px) 100vw, 300px\" \/>\t\t\t\t<\/div>\n\t\t\t\t<div class=\"person-text\">\n\t\t\t\t\t<p class=\"person-text-name\">Hannes Welk<\/p>\n\t\t\t\t\t<p class=\"person-text-subtitle\">Vorsitzender<\/p>\n\t\t\t\t\t<p class=\"person-text-email\"><a class=\"hca-button\" href=\"mailto:foerderverein@hcandersen.de\">E-Mail<\/a><\/p>\t\t\t\t<\/div>\n\t\t\t<\/li>\n\t\t\t\t\t\t<li class=\"person\">\n\t\t\t\t<div class=\"person-image\">\n\t\t\t\t\t<img loading=\"lazy\" decoding=\"async\" width=\"300\" height=\"300\" src=\"https:\/\/hcandersen.de\/wp-content\/uploads\/2022\/11\/foerderverein-steffen-1-300x300.jpg\" class=\"attachment-medium size-medium\" alt=\"\" srcset=\"https:\/\/hcandersen.de\/wp-content\/uploads\/2022\/11\/foerderverein-steffen-1-300x300.jpg 300w, https:\/\/hcandersen.de\/wp-content\/uploads\/2022\/11\/foerderverein-steffen-1-1024x1024.jpg 1024w, https:\/\/hcandersen.de\/wp-content\/uploads\/2022\/11\/foerderverein-steffen-1-150x150.jpg 150w, https:\/\/hcandersen.de\/wp-content\/uploads\/2022\/11\/foerderverein-steffen-1-768x768.jpg 768w, https:\/\/hcandersen.de\/wp-content\/uploads\/2022\/11\/foerderverein-steffen-1-1536x1536.jpg 1536w, https:\/\/hcandersen.de\/wp-content\/uploads\/2022\/11\/foerderverein-steffen-1.jpg 1692w\" sizes=\"auto, (max-width: 300px) 100vw, 300px\" \/>\t\t\t\t<\/div>\n\t\t\t\t<div class=\"person-text\">\n\t\t\t\t\t<p class=\"person-text-name\">Steffen Zander<\/p>\n\t\t\t\t\t<p class=\"person-text-subtitle\">Schatzmeister<\/p>\n\t\t\t\t\t<p class=\"person-text-email\"><a class=\"hca-button\" href=\"mailto:foerderverein@hcandersen.de\">E-Mail<\/a><\/p>\t\t\t\t<\/div>\n\t\t\t<\/li>\n\t\t\t\t\t\t<li class=\"person\">\n\t\t\t\t<div class=\"person-image\">\n\t\t\t\t\t<img loading=\"lazy\" decoding=\"async\" width=\"300\" height=\"300\" src=\"https:\/\/hcandersen.de\/wp-content\/uploads\/2022\/11\/foerderverein-sarah-300x300.jpg\" class=\"attachment-medium size-medium\" alt=\"\" srcset=\"https:\/\/hcandersen.de\/wp-content\/uploads\/2022\/11\/foerderverein-sarah-300x300.jpg 300w, https:\/\/hcandersen.de\/wp-content\/uploads\/2022\/11\/foerderverein-sarah-1024x1024.jpg 1024w, https:\/\/hcandersen.de\/wp-content\/uploads\/2022\/11\/foerderverein-sarah-150x150.jpg 150w, https:\/\/hcandersen.de\/wp-content\/uploads\/2022\/11\/foerderverein-sarah-768x768.jpg 768w, https:\/\/hcandersen.de\/wp-content\/uploads\/2022\/11\/foerderverein-sarah-1536x1536.jpg 1536w, https:\/\/hcandersen.de\/wp-content\/uploads\/2022\/11\/foerderverein-sarah.jpg 1873w\" sizes=\"auto, (max-width: 300px) 100vw, 300px\" \/>\t\t\t\t<\/div>\n\t\t\t\t<div class=\"person-text\">\n\t\t\t\t\t<p class=\"person-text-name\">Sarah Uhlemann<\/p>\n\t\t\t\t\t<p class=\"person-text-subtitle\">Stellv. Vorsitzende<\/p>\n\t\t\t\t\t<p class=\"person-text-email\"><a class=\"hca-button\" href=\"mailto:foerderverein@hcandersen.de\">E-Mail<\/a><\/p>\t\t\t\t<\/div>\n\t\t\t<\/li>\n\t\t\t\t\t<\/ul>\n\t<\/div>\n\n<p><strong>Adresse:<br\/><\/strong>F\u00f6rderverein der Hans-Christian-Andersen Schule in Leipzig e.V<br\/>Louis-F\u00fcrnberg-Stra\u00dfe 2<br\/>04318 Leipzig<\/p>\n\n<p><br\/><\/p>\n","protected":false},"excerpt":{"rendered":"<p>Der F\u00f6rder-Verein unterst\u00fctzt die Hans-Christian-Andersen Grundschule. Zum Beispiel mit neuen Ger\u00e4ten, Musik-Kursen und anderen Projekten. Der F\u00f6rder-Verein ist offen f\u00fcr [&hellip;]<\/p>\n","protected":false},"author":4,"featured_media":332,"parent":0,"menu_order":0,"comment_status":"closed","ping_status":"closed","template":"","meta":{"_acf_changed":false,"footnotes":""},"class_list":["post-1669","page","type-page","status-publish","has-post-thumbnail","hentry"],"acf":[],"_links":{"self":[{"href":"https:\/\/hcandersen.de\/ls\/wp-json\/wp\/v2\/pages\/1669","targetHints":{"allow":["GET"]}}],"collection":[{"href":"https:\/\/hcandersen.de\/ls\/wp-json\/wp\/v2\/pages"}],"about":[{"href":"https:\/\/hcandersen.de\/ls\/wp-json\/wp\/v2\/types\/page"}],"author":[{"embeddable":true,"href":"https:\/\/hcandersen.de\/ls\/wp-json\/wp\/v2\/users\/4"}],"replies":[{"embeddable":true,"href":"https:\/\/hcandersen.de\/ls\/wp-json\/wp\/v2\/comments?post=1669"}],"version-history":[{"count":7,"href":"https:\/\/hcandersen.de\/ls\/wp-json\/wp\/v2\/pages\/1669\/revisions"}],"predecessor-version":[{"id":1717,"href":"https:\/\/hcandersen.de\/ls\/wp-json\/wp\/v2\/pages\/1669\/revisions\/1717"}],"wp:featuredmedia":[{"embeddable":true,"href":"https:\/\/hcandersen.de\/ls\/wp-json\/wp\/v2\/media\/332"}],"wp:attachment":[{"href":"https:\/\/hcandersen.de\/ls\/wp-json\/wp\/v2\/media?parent=1669"}],"curies":[{"name":"wp","href":"https:\/\/api.w.org\/{rel}","templated":true}]}}