{"id":1677,"date":"2022-11-09T10:22:46","date_gmt":"2022-11-09T09:22:46","guid":{"rendered":"https:\/\/hcandersen.de\/schulsozialarbeit\/"},"modified":"2026-03-31T15:31:10","modified_gmt":"2026-03-31T13:31:10","slug":"schulsozialarbeit","status":"publish","type":"page","link":"https:\/\/hcandersen.de\/ls\/schulsozialarbeit\/","title":{"rendered":"Schulsozialarbeit"},"content":{"rendered":"\n<p>Das B\u00fcro der Schul-Sozialarbeit ist im Raum 117 in der 1. Etage. Das B\u00fcro ist offen f\u00fcr alle Kinder, Eltern, Lehrer und Lehrerinnen.<\/p>\n\n\n\n<p>Die Schul-Sozialarbeit hilft bei Problemen und Konflikten. Zum Beispiel bei Streit oder schwierigen Situationen. Im B\u00fcro kann man ungest\u00f6rt sprechen. Hier kann man aber auch spielen, in der Gruppe sein oder sich erholen. Eltern machen bitte einen Termin f\u00fcr ein Gespr\u00e4ch. Die Schulsozialarbeit an der Hans-Christian-Andersen-Schule arbeitet seit 2017 mit dem CVJM Leipzig e.V. zusammen.<\/p>\n\n\n\t<div class=\"personenblock\">\n\t\t<ul class=\"personen\">\n\t\t\t\t\t\t<li class=\"person\">\n\t\t\t\t<div class=\"person-image\">\n\t\t\t\t\t\t\t\t\t<\/div>\n\t\t\t\t<div class=\"person-text\">\n\t\t\t\t\t<p class=\"person-text-name\">Sarah Heber<\/p>\n\t\t\t\t\t<p class=\"person-text-subtitle\"><\/p>\n\t\t\t\t\t<p class=\"person-text-email\"><a class=\"hca-button\" href=\"mailto:sarah.heber@cvjm-leipzig.de\">E-Mail<\/a><\/p><p class=\"person-text-phone\">0176-64 27 8181<\/p>\t\t\t\t<\/div>\n\t\t\t<\/li>\n\t\t\t\t\t\t<li class=\"person\">\n\t\t\t\t<div class=\"person-image\">\n\t\t\t\t\t\t\t\t\t<\/div>\n\t\t\t\t<div class=\"person-text\">\n\t\t\t\t\t<p class=\"person-text-name\">Gregor Zocher<\/p>\n\t\t\t\t\t<p class=\"person-text-subtitle\"><\/p>\n\t\t\t\t\t<p class=\"person-text-email\"><a class=\"hca-button\" href=\"mailto:gregor.zocher@cvjm-leipzig.de\">E-Mail<\/a><\/p><p class=\"person-text-phone\">0179- 74 31 327<\/p>\t\t\t\t<\/div>\n\t\t\t<\/li>\n\t\t\t\t\t<\/ul>\n\t<\/div>\n\n\n\n<h2 class=\"wp-block-heading\">Selbstverst\u00e4ndnis<\/h2>\n\n\n\n<p>Die Schul-Sozialarbeit hat verschiedene Angebote. Sie macht Spiele, Entspannungs-Stunden und \u00dcbungen f\u00fcr ein besseres Miteinander. Sie arbeitet mit einzelnen Kindern oder mit Gruppen. Sie hilft bei Stress im Schul-Alltag. Bei Streit mit Freunden oder bei \u00c4rger in der Familie. Sie gibt Eltern Rat bei Problemen mit den Kindern.<\/p>\n\n\n\n<h2 class=\"wp-block-heading\">Soziales<strong> <\/strong>Lernen<\/h2>\n\n\n\n<p>Soziales Lernen hei\u00dft: Wie verhalten wir uns besser? Die Schul-Sozialarbeit \u00fcbt das mit den Kindern. Im Unterricht oder bei Projekten. So lernen die Kinder ein friedliches Miteinander.<\/p>\n\n\n\n<figure class=\"wp-block-gallery has-nested-images columns-default is-cropped wp-block-gallery-1 is-layout-flex wp-block-gallery-is-layout-flex\">\n<figure class=\"wp-block-image size-large\"><a href=\"https:\/\/hcandersen.de\/wp-content\/uploads\/2022\/12\/schulsozialarbeit_06-scaled.jpg\"><img loading=\"lazy\" decoding=\"async\" width=\"1024\" height=\"768\" data-id=\"634\" src=\"https:\/\/hcandersen.de\/wp-content\/uploads\/2022\/12\/schulsozialarbeit_06-1024x768.jpg\" alt=\"\" class=\"wp-image-634\" srcset=\"https:\/\/hcandersen.de\/wp-content\/uploads\/2022\/12\/schulsozialarbeit_06-1024x768.jpg 1024w, https:\/\/hcandersen.de\/wp-content\/uploads\/2022\/12\/schulsozialarbeit_06-300x225.jpg 300w, https:\/\/hcandersen.de\/wp-content\/uploads\/2022\/12\/schulsozialarbeit_06-768x576.jpg 768w, https:\/\/hcandersen.de\/wp-content\/uploads\/2022\/12\/schulsozialarbeit_06-1536x1152.jpg 1536w, https:\/\/hcandersen.de\/wp-content\/uploads\/2022\/12\/schulsozialarbeit_06-2048x1536.jpg 2048w\" sizes=\"auto, (max-width: 1024px) 100vw, 1024px\" \/><\/a><\/figure>\n\n\n\n<figure class=\"wp-block-image size-large\"><a href=\"https:\/\/hcandersen.de\/wp-content\/uploads\/2022\/12\/schulsozialarbeit_01-scaled.jpg\"><img loading=\"lazy\" decoding=\"async\" width=\"1024\" height=\"768\" data-id=\"624\" src=\"https:\/\/hcandersen.de\/wp-content\/uploads\/2022\/12\/schulsozialarbeit_01-1024x768.jpg\" alt=\"\" class=\"wp-image-624\" srcset=\"https:\/\/hcandersen.de\/wp-content\/uploads\/2022\/12\/schulsozialarbeit_01-1024x768.jpg 1024w, https:\/\/hcandersen.de\/wp-content\/uploads\/2022\/12\/schulsozialarbeit_01-300x225.jpg 300w, https:\/\/hcandersen.de\/wp-content\/uploads\/2022\/12\/schulsozialarbeit_01-768x576.jpg 768w, https:\/\/hcandersen.de\/wp-content\/uploads\/2022\/12\/schulsozialarbeit_01-1536x1152.jpg 1536w, https:\/\/hcandersen.de\/wp-content\/uploads\/2022\/12\/schulsozialarbeit_01-2048x1536.jpg 2048w\" sizes=\"auto, (max-width: 1024px) 100vw, 1024px\" \/><\/a><\/figure>\n\n\n\n<figure class=\"wp-block-image size-large\"><a href=\"https:\/\/hcandersen.de\/wp-content\/uploads\/2022\/12\/schulsozialarbeit_02-scaled.jpg\"><img loading=\"lazy\" decoding=\"async\" width=\"1024\" height=\"768\" data-id=\"626\" src=\"https:\/\/hcandersen.de\/wp-content\/uploads\/2022\/12\/schulsozialarbeit_02-1024x768.jpg\" alt=\"\" class=\"wp-image-626\" srcset=\"https:\/\/hcandersen.de\/wp-content\/uploads\/2022\/12\/schulsozialarbeit_02-1024x768.jpg 1024w, https:\/\/hcandersen.de\/wp-content\/uploads\/2022\/12\/schulsozialarbeit_02-300x225.jpg 300w, https:\/\/hcandersen.de\/wp-content\/uploads\/2022\/12\/schulsozialarbeit_02-768x576.jpg 768w, https:\/\/hcandersen.de\/wp-content\/uploads\/2022\/12\/schulsozialarbeit_02-1536x1152.jpg 1536w, https:\/\/hcandersen.de\/wp-content\/uploads\/2022\/12\/schulsozialarbeit_02-2048x1536.jpg 2048w\" sizes=\"auto, (max-width: 1024px) 100vw, 1024px\" \/><\/a><\/figure>\n\n\n\n<figure class=\"wp-block-image size-large\"><a href=\"https:\/\/hcandersen.de\/wp-content\/uploads\/2022\/12\/schulsozialarbeit_03-scaled.jpg\"><img loading=\"lazy\" decoding=\"async\" width=\"1024\" height=\"768\" data-id=\"628\" src=\"https:\/\/hcandersen.de\/wp-content\/uploads\/2022\/12\/schulsozialarbeit_03-1024x768.jpg\" alt=\"\" class=\"wp-image-628\" srcset=\"https:\/\/hcandersen.de\/wp-content\/uploads\/2022\/12\/schulsozialarbeit_03-1024x768.jpg 1024w, https:\/\/hcandersen.de\/wp-content\/uploads\/2022\/12\/schulsozialarbeit_03-300x225.jpg 300w, https:\/\/hcandersen.de\/wp-content\/uploads\/2022\/12\/schulsozialarbeit_03-768x576.jpg 768w, https:\/\/hcandersen.de\/wp-content\/uploads\/2022\/12\/schulsozialarbeit_03-1536x1152.jpg 1536w, https:\/\/hcandersen.de\/wp-content\/uploads\/2022\/12\/schulsozialarbeit_03-2048x1536.jpg 2048w\" sizes=\"auto, (max-width: 1024px) 100vw, 1024px\" \/><\/a><\/figure>\n\n\n\n<figure class=\"wp-block-image size-large\"><a href=\"https:\/\/hcandersen.de\/wp-content\/uploads\/2022\/12\/schulsozialarbeit_04-scaled.jpg\"><img loading=\"lazy\" decoding=\"async\" width=\"1024\" height=\"768\" data-id=\"630\" src=\"https:\/\/hcandersen.de\/wp-content\/uploads\/2022\/12\/schulsozialarbeit_04-1024x768.jpg\" alt=\"\" class=\"wp-image-630\" srcset=\"https:\/\/hcandersen.de\/wp-content\/uploads\/2022\/12\/schulsozialarbeit_04-1024x768.jpg 1024w, https:\/\/hcandersen.de\/wp-content\/uploads\/2022\/12\/schulsozialarbeit_04-300x225.jpg 300w, https:\/\/hcandersen.de\/wp-content\/uploads\/2022\/12\/schulsozialarbeit_04-768x576.jpg 768w, https:\/\/hcandersen.de\/wp-content\/uploads\/2022\/12\/schulsozialarbeit_04-1536x1152.jpg 1536w, https:\/\/hcandersen.de\/wp-content\/uploads\/2022\/12\/schulsozialarbeit_04-2048x1536.jpg 2048w\" sizes=\"auto, (max-width: 1024px) 100vw, 1024px\" \/><\/a><\/figure>\n\n\n\n<figure class=\"wp-block-image size-large\"><a href=\"https:\/\/hcandersen.de\/wp-content\/uploads\/2022\/12\/schulsozialarbeit_05-scaled.jpg\"><img loading=\"lazy\" decoding=\"async\" width=\"1024\" height=\"768\" data-id=\"632\" src=\"https:\/\/hcandersen.de\/wp-content\/uploads\/2022\/12\/schulsozialarbeit_05-1024x768.jpg\" alt=\"\" class=\"wp-image-632\" srcset=\"https:\/\/hcandersen.de\/wp-content\/uploads\/2022\/12\/schulsozialarbeit_05-1024x768.jpg 1024w, https:\/\/hcandersen.de\/wp-content\/uploads\/2022\/12\/schulsozialarbeit_05-300x225.jpg 300w, https:\/\/hcandersen.de\/wp-content\/uploads\/2022\/12\/schulsozialarbeit_05-768x576.jpg 768w, https:\/\/hcandersen.de\/wp-content\/uploads\/2022\/12\/schulsozialarbeit_05-1536x1152.jpg 1536w, https:\/\/hcandersen.de\/wp-content\/uploads\/2022\/12\/schulsozialarbeit_05-2048x1536.jpg 2048w\" sizes=\"auto, (max-width: 1024px) 100vw, 1024px\" \/><\/a><\/figure>\n\n\n\n<figure class=\"wp-block-image size-large\"><a href=\"https:\/\/hcandersen.de\/wp-content\/uploads\/2022\/12\/schulsozialarbeit_07-scaled.jpg\"><img loading=\"lazy\" decoding=\"async\" width=\"768\" height=\"1024\" data-id=\"636\" src=\"https:\/\/hcandersen.de\/wp-content\/uploads\/2022\/12\/schulsozialarbeit_07-768x1024.jpg\" alt=\"\" class=\"wp-image-636\" srcset=\"https:\/\/hcandersen.de\/wp-content\/uploads\/2022\/12\/schulsozialarbeit_07-768x1024.jpg 768w, https:\/\/hcandersen.de\/wp-content\/uploads\/2022\/12\/schulsozialarbeit_07-225x300.jpg 225w, https:\/\/hcandersen.de\/wp-content\/uploads\/2022\/12\/schulsozialarbeit_07-1152x1536.jpg 1152w, https:\/\/hcandersen.de\/wp-content\/uploads\/2022\/12\/schulsozialarbeit_07-1536x2048.jpg 1536w, https:\/\/hcandersen.de\/wp-content\/uploads\/2022\/12\/schulsozialarbeit_07-scaled.jpg 1920w\" sizes=\"auto, (max-width: 768px) 100vw, 768px\" \/><\/a><\/figure>\n<figcaption class=\"blocks-gallery-caption wp-element-caption\">Einblicke in unseren Raum<\/figcaption><\/figure>\n\n\n\n<h2 class=\"wp-block-heading\">Lebensort Schule &#8211; GEWALTFREI gestalten<\/h2>\n\n\n\n<p>Kinder sollen Streit ohne Gewalt l\u00f6sen k\u00f6nnen. Wir machen verschiedene Projekte. In den Projekten lernen die Kinder wie man Probleme friedlich l\u00f6st. Die verschiedenen Projekte sind wichtig. Sie helfen den Kindern sich besser zu verstehen. Sie lernen auch mit anderen besser umzugehen.<\/p>\n","protected":false},"excerpt":{"rendered":"<p>Das B\u00fcro der Schul-Sozialarbeit ist im Raum 117 in der 1. Etage. Das B\u00fcro ist offen f\u00fcr alle Kinder, Eltern, [&hellip;]<\/p>\n","protected":false},"author":1,"featured_media":625,"parent":0,"menu_order":0,"comment_status":"closed","ping_status":"closed","template":"","meta":{"_acf_changed":false,"footnotes":""},"class_list":["post-1677","page","type-page","status-publish","has-post-thumbnail","hentry"],"acf":[],"_links":{"self":[{"href":"https:\/\/hcandersen.de\/ls\/wp-json\/wp\/v2\/pages\/1677","targetHints":{"allow":["GET"]}}],"collection":[{"href":"https:\/\/hcandersen.de\/ls\/wp-json\/wp\/v2\/pages"}],"about":[{"href":"https:\/\/hcandersen.de\/ls\/wp-json\/wp\/v2\/types\/page"}],"author":[{"embeddable":true,"href":"https:\/\/hcandersen.de\/ls\/wp-json\/wp\/v2\/users\/1"}],"replies":[{"embeddable":true,"href":"https:\/\/hcandersen.de\/ls\/wp-json\/wp\/v2\/comments?post=1677"}],"version-history":[{"count":6,"href":"https:\/\/hcandersen.de\/ls\/wp-json\/wp\/v2\/pages\/1677\/revisions"}],"predecessor-version":[{"id":6590,"href":"https:\/\/hcandersen.de\/ls\/wp-json\/wp\/v2\/pages\/1677\/revisions\/6590"}],"wp:featuredmedia":[{"embeddable":true,"href":"https:\/\/hcandersen.de\/ls\/wp-json\/wp\/v2\/media\/625"}],"wp:attachment":[{"href":"https:\/\/hcandersen.de\/ls\/wp-json\/wp\/v2\/media?parent=1677"}],"curies":[{"name":"wp","href":"https:\/\/api.w.org\/{rel}","templated":true}]}}